{"id":529,"date":"2020-01-28T16:19:22","date_gmt":"2020-01-28T15:19:22","guid":{"rendered":"https:\/\/villazeeland.nl\/privacybeleid\/"},"modified":"2020-01-31T00:59:02","modified_gmt":"2020-01-30T23:59:02","slug":"datenschutzrichtlinien","status":"publish","type":"page","link":"https:\/\/villazeeland.nl\/de\/datenschutzrichtlinien\/","title":{"rendered":"Datenschutzrichtlinien"},"content":{"rendered":"\r\n<h2 class=\"wp-block-heading\"><\/h2>\r\n<p><\/p>\r\n<p>Wir legen gro\u00dfen Wert auf den Schutz Ihrer Privatsph\u00e4re. Es ist uns wichtig, dass Sie auf einen guten Umgang mit Ihren pers\u00f6nlichen Daten vertrauen k\u00f6nnen. Auf dieser Seite teilen wir Ihnen mit welche Informationen wir sammeln wenn Sie unsere Website nutzen, warum wir sie sammeln und wie wir sie verwenden, um Ihre Benutzererfahrung zu verbessern.\u00a0<\/p>\r\n<p>Diese Datenschutzerkl\u00e4rung gilt f\u00fcr die Dienste von <em>villazeeland.nl.<\/em> Bitte beachten Sie, dass <em>villazeeland.nl<\/em> nicht f\u00fcr die Datenschutzbestimmungen anderer Websites und Quellen verantwortlich ist. Durch die Nutzung dieser Website stimmen Sie den Datenschutzbestimmungen zu.<\/p>\r\n<h3 class=\"wp-block-heading\">Unsere Verwendung der erhobenen Daten<\/h3>\r\n<p><strong>Reservierungen<\/strong><br \/>Wenn Sie \u00fcber unsere Website eine Reservierung vornehmen bitten wir Sie um die Angabe pers\u00f6nlicher Daten. Diese Daten werden zur Durchf\u00fchrung der Reservierung verwendet. Die Daten werden auf sicheren Servern von <em>villazeeland.nl<\/em> oder von Dritten gespeichert. Diese Daten werden nicht f\u00fcr andere Zwecke verwendet oder mit anderen personenbezogenen Daten kombiniert.<\/p>\r\n<p><strong>Kommunikation<\/strong><br \/>Wenn Sie uns E-Mails oder andere Nachrichten senden, werden diese gegebenenfalls gespeichert. Manchmal fragen wir Sie nach Ihren pers\u00f6nlichen Daten, die f\u00fcr die jeweilige Situation relevant sind. Auf diese Weise k\u00f6nnen wir Ihre Fragen beantworten und Anfragen bearbeiten. Die Daten werden auf sicheren Servern von <em>villazeeland.nl<\/em> oder von Dritten gespeichert. Diese Daten werden nicht f\u00fcr andere Zwecke verwendet oder mit anderen personenbezogenen Daten kombiniert.<\/p>\r\n<p><b>Cookies<\/b><br \/>Wir erheben Daten um ein besseres Verst\u00e4ndnis von unserer Kunden zu erlangen und unsere Dienstleistungen entsprechend anpassen zu k\u00f6nnen.<\/p>\r\n<p>Diese Website verwendet sogenannten &#8222;Cookies&#8220; (Textdateien, die auf Ihrem Computer gespeichert werden) zur Nutzeranalyse unserer Website. Die durch den Cookie erzeugten Informationen werden an sichere Server von <em>villazeeland.nl<\/em> oder an Dritte \u00fcbertragen. Wir verwenden diese Informationen um unsere mit der Website- und Internetnutzung verbundene Dienstleistungen zu optimalisieren.<\/p>\r\n<p><strong>Zweck<\/strong><br \/>Wir sammeln oder verwenden Informationen nicht f\u00fcr andere als die in dieser Datenschutzrichtlinie beschriebenen Zwecke, es sei denn, wir haben Ihre Erlaubnis im Voraus eingeholt.<\/p>\r\n<p><strong>Dritte<\/strong><br \/>Die Informationen werden mit Ausnahme von Webanwendungen nicht an Dritte weitergegeben und ausschliesslich f\u00fcr den jeweiligen Verwendungszweck benutzt.<\/p>\r\n<p><strong>\u00c4nderungen<\/strong><br \/>Diese Datenschutzerkl\u00e4rung ist auf die Nutzung und die M\u00f6glichkeiten dieser Website zugeschnitten. Anpassungen und \/ oder \u00c4nderungen an dieser Website k\u00f6nnen zu \u00c4nderungen in dieser Datenschutzerkl\u00e4rung f\u00fchren. Es ist daher ratsam, diese Erkl\u00e4rung regelm\u00e4\u00dfig zu konsultieren.<\/p>\r\n<p><strong>Auswahlm\u00f6glichkeiten f\u00fcr personenbezogene Daten<\/strong><br \/>Wir bieten allen Besuchern die M\u00f6glichkeit, alle uns derzeit zur Verf\u00fcgung gestellten personenbezogenen Daten einzusehen, zu \u00e4ndern oder zu l\u00f6schen.<\/p>\r\n<p><strong>Kommunikation anpassen \/ abbestellen<\/strong><br \/>Wenn Sie Ihre Daten \u00e4ndern oder sich aus unseren Dateien entfernen lassen m\u00f6chten, k\u00f6nnen Sie uns kontaktieren. Die Kontaktdaten finden Sie unten.<\/p>\r\n<p><strong>Deaktivieren Sie Cookies<\/strong><br \/>Die meisten Browser sind standardm\u00e4\u00dfig so eingestellt, dass sie Cookies akzeptieren. Sie k\u00f6nnen Ihren Browser jedoch so einstellen, dass alle Cookies abgelehnt werden oder angezeigt wird, wann ein Cookie gesendet wird. Es ist m\u00f6glich, dass einige Funktionen und Dienste auf unserer Website nicht ordnungsgem\u00e4\u00df funktionieren, wenn Cookies in Ihrem Browser deaktiviert sind.<\/p>\r\n<p><strong>Fragen und Feedback<\/strong><br \/>Wir pr\u00fcfen regelm\u00e4\u00dfig, ob wir diese Datenschutzerkl\u00e4rung einhalten. Wenn Sie Fragen zu dieser Datenschutzrichtlinie haben, k\u00f6nnen Sie sich an uns wenden:<\/p>\r\n<p><a href=\"mailto:info@villazeeland.nl\">info@villazeeland.nl<\/a><\/p>\r\n","protected":false},"excerpt":{"rendered":"","protected":false},"author":4,"featured_media":470,"parent":0,"menu_order":7,"comment_status":"closed","ping_status":"closed","template":"","meta":{"_exactmetrics_skip_tracking":false,"_exactmetrics_sitenote_active":false,"_exactmetrics_sitenote_note":"","_exactmetrics_sitenote_category":0,"footnotes":""},"yoast_head":"<!-- This site is optimized with the Yoast SEO plugin v22.3 - https:\/\/yoast.com\/wordpress\/plugins\/seo\/ -->\n<title>\u00d6kologisches Ferienhaus in Zeeland am Meer | Datenschutzrichtlinien<\/title>\n<meta name=\"description\" content=\"\u00d6kologisches Ferienhaus (6 Personen) in Zeeland an der niederl\u00e4ndischen K\u00fcste. Strand, Meer und Stadt in unmittelbarer Reichweite. Auch last-minute buchbar!\" \/>\n<meta name=\"robots\" content=\"index, follow, max-snippet:-1, max-image-preview:large, max-video-preview:-1\" \/>\n<link rel=\"canonical\" href=\"https:\/\/villazeeland.nl\/privacybeleid\/\" \/>\n<meta property=\"og:locale\" content=\"de_DE\" \/>\n<meta property=\"og:type\" content=\"article\" \/>\n<meta property=\"og:title\" content=\"\u00d6kologisches Ferienhaus in Zeeland am Meer | Datenschutzrichtlinien\" \/>\n<meta property=\"og:description\" content=\"\u00d6kologisches Ferienhaus (6 Personen) in Zeeland an der niederl\u00e4ndischen K\u00fcste. Strand, Meer und Stadt in unmittelbarer Reichweite. Auch last-minute buchbar!\" \/>\n<meta property=\"og:url\" content=\"https:\/\/villazeeland.nl\/privacybeleid\/\" \/>\n<meta property=\"og:site_name\" content=\"Ferienhaus am Meer\" \/>\n<meta property=\"article:publisher\" content=\"https:\/\/www.facebook.com\/Duinlodge-Vlissingen-109772407211119\/\" \/>\n<meta property=\"article:modified_time\" content=\"2020-01-30T23:59:02+00:00\" \/>\n<meta property=\"og:image\" content=\"https:\/\/villazeeland.nl\/site\/wp-content\/uploads\/2020\/01\/villazeeland_03.jpg\" \/>\n\t<meta property=\"og:image:width\" content=\"1687\" \/>\n\t<meta property=\"og:image:height\" content=\"1125\" \/>\n\t<meta property=\"og:image:type\" content=\"image\/jpeg\" \/>\n<meta name=\"twitter:card\" content=\"summary_large_image\" \/>\n<meta name=\"twitter:label1\" content=\"Gesch\u00e4tzte Lesezeit\" \/>\n\t<meta name=\"twitter:data1\" content=\"3 Minuten\" \/>\n<script type=\"application\/ld+json\" class=\"yoast-schema-graph\">{\"@context\":\"https:\/\/schema.org\",\"@graph\":[{\"@type\":\"WebPage\",\"@id\":\"https:\/\/villazeeland.nl\/privacybeleid\/\",\"url\":\"https:\/\/villazeeland.nl\/privacybeleid\/\",\"name\":\"\u00d6kologisches Ferienhaus in Zeeland am Meer | Datenschutzrichtlinien\",\"isPartOf\":{\"@id\":\"https:\/\/villazeeland.nl\/#website\"},\"primaryImageOfPage\":{\"@id\":\"https:\/\/villazeeland.nl\/privacybeleid\/#primaryimage\"},\"image\":{\"@id\":\"https:\/\/villazeeland.nl\/privacybeleid\/#primaryimage\"},\"thumbnailUrl\":\"https:\/\/villazeeland.nl\/site\/wp-content\/uploads\/2020\/01\/villazeeland_03.jpg\",\"datePublished\":\"2020-01-28T15:19:22+00:00\",\"dateModified\":\"2020-01-30T23:59:02+00:00\",\"description\":\"\u00d6kologisches Ferienhaus (6 Personen) in Zeeland an der niederl\u00e4ndischen K\u00fcste. Strand, Meer und Stadt in unmittelbarer Reichweite. Auch last-minute buchbar!\",\"breadcrumb\":{\"@id\":\"https:\/\/villazeeland.nl\/privacybeleid\/#breadcrumb\"},\"inLanguage\":\"de-DE\",\"potentialAction\":[{\"@type\":\"ReadAction\",\"target\":[\"https:\/\/villazeeland.nl\/privacybeleid\/\"]}]},{\"@type\":\"ImageObject\",\"inLanguage\":\"de-DE\",\"@id\":\"https:\/\/villazeeland.nl\/privacybeleid\/#primaryimage\",\"url\":\"https:\/\/villazeeland.nl\/site\/wp-content\/uploads\/2020\/01\/villazeeland_03.jpg\",\"contentUrl\":\"https:\/\/villazeeland.nl\/site\/wp-content\/uploads\/2020\/01\/villazeeland_03.jpg\",\"width\":1687,\"height\":1125},{\"@type\":\"BreadcrumbList\",\"@id\":\"https:\/\/villazeeland.nl\/privacybeleid\/#breadcrumb\",\"itemListElement\":[{\"@type\":\"ListItem\",\"position\":1,\"name\":\"Home\",\"item\":\"https:\/\/villazeeland.nl\/de\/\"},{\"@type\":\"ListItem\",\"position\":2,\"name\":\"Datenschutzrichtlinien\"}]},{\"@type\":\"WebSite\",\"@id\":\"https:\/\/villazeeland.nl\/#website\",\"url\":\"https:\/\/villazeeland.nl\/\",\"name\":\"Ferienhaus am Meer\",\"description\":\"\u00d6kologisches Ferienhaus in Zeeland\",\"potentialAction\":[{\"@type\":\"SearchAction\",\"target\":{\"@type\":\"EntryPoint\",\"urlTemplate\":\"https:\/\/villazeeland.nl\/?s={search_term_string}\"},\"query-input\":\"required name=search_term_string\"}],\"inLanguage\":\"de-DE\"}]}<\/script>\n<!-- \/ Yoast SEO plugin. -->","yoast_head_json":{"title":"\u00d6kologisches Ferienhaus in Zeeland am Meer | Datenschutzrichtlinien","description":"\u00d6kologisches Ferienhaus (6 Personen) in Zeeland an der niederl\u00e4ndischen K\u00fcste. Strand, Meer und Stadt in unmittelbarer Reichweite. Auch last-minute buchbar!","robots":{"index":"index","follow":"follow","max-snippet":"max-snippet:-1","max-image-preview":"max-image-preview:large","max-video-preview":"max-video-preview:-1"},"canonical":"https:\/\/villazeeland.nl\/privacybeleid\/","og_locale":"de_DE","og_type":"article","og_title":"\u00d6kologisches Ferienhaus in Zeeland am Meer | Datenschutzrichtlinien","og_description":"\u00d6kologisches Ferienhaus (6 Personen) in Zeeland an der niederl\u00e4ndischen K\u00fcste. Strand, Meer und Stadt in unmittelbarer Reichweite. Auch last-minute buchbar!","og_url":"https:\/\/villazeeland.nl\/privacybeleid\/","og_site_name":"Ferienhaus am Meer","article_publisher":"https:\/\/www.facebook.com\/Duinlodge-Vlissingen-109772407211119\/","article_modified_time":"2020-01-30T23:59:02+00:00","og_image":[{"width":1687,"height":1125,"url":"https:\/\/villazeeland.nl\/site\/wp-content\/uploads\/2020\/01\/villazeeland_03.jpg","type":"image\/jpeg"}],"twitter_card":"summary_large_image","twitter_misc":{"Gesch\u00e4tzte Lesezeit":"3 Minuten"},"schema":{"@context":"https:\/\/schema.org","@graph":[{"@type":"WebPage","@id":"https:\/\/villazeeland.nl\/privacybeleid\/","url":"https:\/\/villazeeland.nl\/privacybeleid\/","name":"\u00d6kologisches Ferienhaus in Zeeland am Meer | Datenschutzrichtlinien","isPartOf":{"@id":"https:\/\/villazeeland.nl\/#website"},"primaryImageOfPage":{"@id":"https:\/\/villazeeland.nl\/privacybeleid\/#primaryimage"},"image":{"@id":"https:\/\/villazeeland.nl\/privacybeleid\/#primaryimage"},"thumbnailUrl":"https:\/\/villazeeland.nl\/site\/wp-content\/uploads\/2020\/01\/villazeeland_03.jpg","datePublished":"2020-01-28T15:19:22+00:00","dateModified":"2020-01-30T23:59:02+00:00","description":"\u00d6kologisches Ferienhaus (6 Personen) in Zeeland an der niederl\u00e4ndischen K\u00fcste. Strand, Meer und Stadt in unmittelbarer Reichweite. Auch last-minute buchbar!","breadcrumb":{"@id":"https:\/\/villazeeland.nl\/privacybeleid\/#breadcrumb"},"inLanguage":"de-DE","potentialAction":[{"@type":"ReadAction","target":["https:\/\/villazeeland.nl\/privacybeleid\/"]}]},{"@type":"ImageObject","inLanguage":"de-DE","@id":"https:\/\/villazeeland.nl\/privacybeleid\/#primaryimage","url":"https:\/\/villazeeland.nl\/site\/wp-content\/uploads\/2020\/01\/villazeeland_03.jpg","contentUrl":"https:\/\/villazeeland.nl\/site\/wp-content\/uploads\/2020\/01\/villazeeland_03.jpg","width":1687,"height":1125},{"@type":"BreadcrumbList","@id":"https:\/\/villazeeland.nl\/privacybeleid\/#breadcrumb","itemListElement":[{"@type":"ListItem","position":1,"name":"Home","item":"https:\/\/villazeeland.nl\/de\/"},{"@type":"ListItem","position":2,"name":"Datenschutzrichtlinien"}]},{"@type":"WebSite","@id":"https:\/\/villazeeland.nl\/#website","url":"https:\/\/villazeeland.nl\/","name":"Ferienhaus am Meer","description":"\u00d6kologisches Ferienhaus in Zeeland","potentialAction":[{"@type":"SearchAction","target":{"@type":"EntryPoint","urlTemplate":"https:\/\/villazeeland.nl\/?s={search_term_string}"},"query-input":"required name=search_term_string"}],"inLanguage":"de-DE"}]}},"_links":{"self":[{"href":"https:\/\/villazeeland.nl\/de\/wp-json\/wp\/v2\/pages\/529"}],"collection":[{"href":"https:\/\/villazeeland.nl\/de\/wp-json\/wp\/v2\/pages"}],"about":[{"href":"https:\/\/villazeeland.nl\/de\/wp-json\/wp\/v2\/types\/page"}],"author":[{"embeddable":true,"href":"https:\/\/villazeeland.nl\/de\/wp-json\/wp\/v2\/users\/4"}],"replies":[{"embeddable":true,"href":"https:\/\/villazeeland.nl\/de\/wp-json\/wp\/v2\/comments?post=529"}],"version-history":[{"count":0,"href":"https:\/\/villazeeland.nl\/de\/wp-json\/wp\/v2\/pages\/529\/revisions"}],"wp:featuredmedia":[{"embeddable":true,"href":"https:\/\/villazeeland.nl\/de\/wp-json\/wp\/v2\/media\/470"}],"wp:attachment":[{"href":"https:\/\/villazeeland.nl\/de\/wp-json\/wp\/v2\/media?parent=529"}],"curies":[{"name":"wp","href":"https:\/\/api.w.org\/{rel}","templated":true}]}}