{"id":242,"date":"2017-04-09T09:35:10","date_gmt":"2017-04-09T08:35:10","guid":{"rendered":"https:\/\/vakantiehuis-zeeland-aan-zee.nl\/?page_id=242\/"},"modified":"2017-04-10T08:30:45","modified_gmt":"2017-04-10T07:30:45","slug":"kontakt","status":"publish","type":"page","link":"https:\/\/villazeeland.nl\/de\/kontakt\/","title":{"rendered":"Kontakt"},"content":{"rendered":"<div class=\"caldera-grid\" id=\"caldera_form_1\" data-cf-ver=\"1.9.6\" data-cf-form-id=\"CF58e9f7781f9a7\"><div id=\"caldera_notices_1\" data-spinner=\"https:\/\/villazeeland.nl\/site\/wp-admin\/images\/spinner.gif\"><\/div><form data-instance=\"1\" class=\"CF58e9f7781f9a7 caldera_forms_form cfajax-trigger\" method=\"POST\" enctype=\"multipart\/form-data\" id=\"CF58e9f7781f9a7_1\" data-form-id=\"CF58e9f7781f9a7\" aria-label=\"Contact [de]\" data-target=\"#caldera_notices_1\" data-template=\"#cfajax_CF58e9f7781f9a7-tmpl\" data-cfajax=\"CF58e9f7781f9a7\" data-load-element=\"_parent\" data-load-class=\"cf_processing\" data-post-disable=\"1\" data-action=\"cf_process_ajax_submit\" data-request=\"https:\/\/villazeeland.nl\/de\/\/cf-api\/CF58e9f7781f9a7\" data-hiderows=\"true\">\r\n<input type=\"hidden\" id=\"_cf_verify_CF58e9f7781f9a7\" name=\"_cf_verify\" value=\"77907aa087\"  data-nonce-time=\"1777507992\" \/><input type=\"hidden\" name=\"_wp_http_referer\" value=\"\/de\/wp-json\/wp\/v2\/pages\/242\" \/><div id=\"cf2-CF58e9f7781f9a7_1\"><\/div><input type=\"hidden\" name=\"_cf_frm_id\" value=\"CF58e9f7781f9a7\">\r\n<input type=\"hidden\" name=\"_cf_frm_ct\" value=\"1\">\r\n<input type=\"hidden\" name=\"cfajax\" value=\"CF58e9f7781f9a7\">\r\n<input type=\"hidden\" name=\"_cf_cr_pst\" value=\"242\">\r\n<div class=\"hide\" style=\"display:none; overflow:hidden;height:0;width:0;\">\r\n<label>Order Number<\/label><input type=\"text\" name=\"order_number\" value=\"\" autocomplete=\"off\">\r\n<\/div><div id=\"CF58e9f7781f9a7_1-row-1\"  class=\"row  first_row\"><div  class=\"col-sm-6  first_col\"><div data-field-wrapper=\"fld_8768091\" class=\"form-group\" id=\"fld_8768091_1-wrap\">\r\n\t<label id=\"fld_8768091Label\" for=\"fld_8768091_1\" class=\"control-label\">Vorname <span aria-hidden=\"true\" role=\"presentation\" class=\"field_required\" style=\"color:#ee0000;\">*<\/span><\/label>\r\n\t<div class=\"\">\r\n\t\t<input   required type=\"text\" data-field=\"fld_8768091\" class=\" form-control\" id=\"fld_8768091_1\" name=\"fld_8768091\" value=\"\" data-type=\"text\" aria-required=\"true\"   aria-labelledby=\"fld_8768091Label\" >\t\t\t<\/div>\r\n<\/div>\r\n<\/div><div  class=\"col-sm-6  last_col\"><div data-field-wrapper=\"fld_9970286\" class=\"form-group\" id=\"fld_9970286_1-wrap\">\r\n\t<label id=\"fld_9970286Label\" for=\"fld_9970286_1\" class=\"control-label\">Nachname <span aria-hidden=\"true\" role=\"presentation\" class=\"field_required\" style=\"color:#ee0000;\">*<\/span><\/label>\r\n\t<div class=\"\">\r\n\t\t<input   required type=\"text\" data-field=\"fld_9970286\" class=\" form-control\" id=\"fld_9970286_1\" name=\"fld_9970286\" value=\"\" data-type=\"text\" aria-required=\"true\"   aria-labelledby=\"fld_9970286Label\" >\t\t\t<\/div>\r\n<\/div>\r\n<\/div><\/div><div id=\"CF58e9f7781f9a7_1-row-2\"  class=\"row \"><div  class=\"col-sm-6  first_col\"><div data-field-wrapper=\"fld_6009157\" class=\"form-group\" id=\"fld_6009157_1-wrap\">\r\n\t<label id=\"fld_6009157Label\" for=\"fld_6009157_1\" class=\"control-label\">E-mail Adresse <span aria-hidden=\"true\" role=\"presentation\" class=\"field_required\" style=\"color:#ee0000;\">*<\/span><\/label>\r\n\t<div class=\"\">\r\n\t\t<input   required type=\"email\" data-field=\"fld_6009157\" class=\" form-control\" id=\"fld_6009157_1\" name=\"fld_6009157\" value=\"\" data-type=\"email\" aria-required=\"true\"   aria-labelledby=\"fld_6009157Label\" >\t\t\t<\/div>\r\n<\/div>\r\n<\/div><div  class=\"col-sm-6  last_col\"><div data-field-wrapper=\"fld_8667907\" class=\"form-group\" id=\"fld_8667907_1-wrap\">\r\n\t<label id=\"fld_8667907Label\" for=\"fld_8667907_1\" class=\"control-label\">Telefon <span aria-hidden=\"true\" role=\"presentation\" class=\"field_required\" style=\"color:#ee0000;\">*<\/span><\/label>\r\n\t<div class=\"\">\r\n\t\t<input  data-inputmask=\"'mask': '(999)999-9999'\"  required type=\"phone\" data-field=\"fld_8667907\" class=\" form-control\" id=\"fld_8667907_1\" name=\"fld_8667907\" value=\"\" data-type=\"phone\" aria-required=\"true\"   aria-labelledby=\"fld_8667907Label\" >\t\t\t<\/div>\r\n<\/div>\r\n<\/div><\/div><div id=\"CF58e9f7781f9a7_1-row-3\"  class=\"row \"><div  class=\"col-sm-12  single\"><div data-field-wrapper=\"fld_7683514\" class=\"form-group\" id=\"fld_7683514_1-wrap\">\r\n\t<label id=\"fld_7683514Label\" for=\"fld_7683514_1\" class=\"control-label\">Nachricht <span aria-hidden=\"true\" role=\"presentation\" class=\"field_required\" style=\"color:#ee0000;\">*<\/span><\/label>\r\n\t<div class=\"\">\r\n\t\t<textarea name=\"fld_7683514\" value=\"\" data-field=\"fld_7683514\" class=\"form-control\" id=\"fld_7683514_1\" rows=\"7\"  required=\"required\"  aria-labelledby=\"fld_7683514Label\" ><\/textarea>\n\t\t\t<\/div>\r\n<\/div>\r\n<\/div><\/div><div id=\"CF58e9f7781f9a7_1-row-4\"  class=\"row \"><div  class=\"col-sm-12  single\"><div data-field-wrapper=\"fld_914368\" class=\"form-group privacy_consent\" id=\"fld_914368_1-wrap\">\r\n<div class=\"\">\r\n\n<div class=\"checkbox-inline caldera-forms-consent-field\">\n    <input data-parsley-required=\"true\" data-parsley-group=\"fld_914368_1\" data-parsley-multiple=\"fld_914368_1\"        type=\"checkbox\" data-label=\"privacy\"\n        data-field=\"fld_914368\"\n        id=\"fld_914368_1\"\n        class=\"fld_914368_1 option-required\"\n        name=\"fld_914368\"\n        value=\"1\"\n        data-type=\"checkbox\"\n        data-checkbox-field=\"fld_914368_1\"\n    >\n    <label for=\"fld_914368_1\"\n           class=\"caldera-forms-gdpr-field-label\"\n           style=\"display:inline; margin-left: 0.5rem;\"\n    >\n                <p\n            class=\"caldera-forms-consent-field-agreement\"\n        >\n            Ich bin einverstanden mit den        <\/p>\n        <a href=\"https:\/\/villazeeland.nl\/privacybeleid\/\"\n           target=\"_blank\"\n                title=\"Privacy Policy Page\"\n            class=\"caldera-forms-consent-field-linked_text\"\n            >\n            datenschutzrichtlinien        <\/a>\n    <\/label>\n    <span style=\"color:#ff0000;\">*<\/span>\n<\/div>\n\n<\/div>\r\n<\/div>\r\n<\/div><\/div><div id=\"CF58e9f7781f9a7_1-row-5\"  class=\"row  last_row\"><div  class=\"col-sm-12  single\"><div data-field-wrapper=\"fld_7908577\" class=\"form-group\" id=\"fld_7908577_1-wrap\">\r\n<div class=\"\">\r\n\t<input  class=\"\" type=\"submit\" name=\"fld_7908577\" id=\"fld_7908577_1\" value=\"Senden\" data-field=\"fld_7908577\"  >\n<\/div>\r\n<\/div>\r\n\t<input class=\"button_trigger_1\" type=\"hidden\" name=\"fld_7908577\" id=\"fld_7908577_1_btn\" value=\"\" data-field=\"fld_7908577\"  \/>\n<\/div><\/div><\/form>\r\n<\/div>\r\n\n","protected":false},"excerpt":{"rendered":"","protected":false},"author":4,"featured_media":472,"parent":0,"menu_order":6,"comment_status":"closed","ping_status":"closed","template":"template-fullwidth.php","meta":{"_exactmetrics_skip_tracking":false,"_exactmetrics_sitenote_active":false,"_exactmetrics_sitenote_note":"","_exactmetrics_sitenote_category":0,"footnotes":""},"yoast_head":"<!-- This site is optimized with the Yoast SEO plugin v22.3 - https:\/\/yoast.com\/wordpress\/plugins\/seo\/ -->\n<title>\u00d6kologisches Ferienhaus in Zeeland am Meer | Kontakt<\/title>\n<meta name=\"description\" content=\"\u00d6kologisches Ferienhaus (6 Personen) in Zeeland an der niederl\u00e4ndischen K\u00fcste. Strand, Meer und Stadt in unmittelbarer Reichweite. Auch last-minute buchbar!\" \/>\n<meta name=\"robots\" content=\"index, follow, max-snippet:-1, max-image-preview:large, max-video-preview:-1\" \/>\n<link rel=\"canonical\" href=\"https:\/\/villazeeland.nl\/de\/kontakt\/\" \/>\n<meta property=\"og:locale\" content=\"de_DE\" \/>\n<meta property=\"og:type\" content=\"article\" \/>\n<meta property=\"og:title\" content=\"\u00d6kologisches Ferienhaus in Zeeland am Meer | Kontakt\" \/>\n<meta property=\"og:description\" content=\"\u00d6kologisches Ferienhaus (6 Personen) in Zeeland an der niederl\u00e4ndischen K\u00fcste. Strand, Meer und Stadt in unmittelbarer Reichweite. Auch last-minute buchbar!\" \/>\n<meta property=\"og:url\" content=\"https:\/\/villazeeland.nl\/de\/kontakt\/\" \/>\n<meta property=\"og:site_name\" content=\"Ferienhaus am Meer\" \/>\n<meta property=\"article:publisher\" content=\"https:\/\/www.facebook.com\/Duinlodge-Vlissingen-109772407211119\/\" \/>\n<meta property=\"article:modified_time\" content=\"2017-04-10T07:30:45+00:00\" \/>\n<meta property=\"og:image\" content=\"https:\/\/villazeeland.nl\/site\/wp-content\/uploads\/2020\/01\/villazeeland_04-1.jpg\" \/>\n\t<meta property=\"og:image:width\" content=\"1900\" \/>\n\t<meta property=\"og:image:height\" content=\"1272\" \/>\n\t<meta property=\"og:image:type\" content=\"image\/jpeg\" \/>\n<meta name=\"twitter:card\" content=\"summary_large_image\" \/>\n<script type=\"application\/ld+json\" class=\"yoast-schema-graph\">{\"@context\":\"https:\/\/schema.org\",\"@graph\":[{\"@type\":\"WebPage\",\"@id\":\"https:\/\/villazeeland.nl\/de\/kontakt\/\",\"url\":\"https:\/\/villazeeland.nl\/de\/kontakt\/\",\"name\":\"\u00d6kologisches Ferienhaus in Zeeland am Meer | Kontakt\",\"isPartOf\":{\"@id\":\"https:\/\/villazeeland.nl\/#website\"},\"primaryImageOfPage\":{\"@id\":\"https:\/\/villazeeland.nl\/de\/kontakt\/#primaryimage\"},\"image\":{\"@id\":\"https:\/\/villazeeland.nl\/de\/kontakt\/#primaryimage\"},\"thumbnailUrl\":\"https:\/\/villazeeland.nl\/site\/wp-content\/uploads\/2020\/01\/villazeeland_04-1.jpg\",\"datePublished\":\"2017-04-09T08:35:10+00:00\",\"dateModified\":\"2017-04-10T07:30:45+00:00\",\"description\":\"\u00d6kologisches Ferienhaus (6 Personen) in Zeeland an der niederl\u00e4ndischen K\u00fcste. Strand, Meer und Stadt in unmittelbarer Reichweite. Auch last-minute buchbar!\",\"breadcrumb\":{\"@id\":\"https:\/\/villazeeland.nl\/de\/kontakt\/#breadcrumb\"},\"inLanguage\":\"de-DE\",\"potentialAction\":[{\"@type\":\"ReadAction\",\"target\":[\"https:\/\/villazeeland.nl\/de\/kontakt\/\"]}]},{\"@type\":\"ImageObject\",\"inLanguage\":\"de-DE\",\"@id\":\"https:\/\/villazeeland.nl\/de\/kontakt\/#primaryimage\",\"url\":\"https:\/\/villazeeland.nl\/site\/wp-content\/uploads\/2020\/01\/villazeeland_04-1.jpg\",\"contentUrl\":\"https:\/\/villazeeland.nl\/site\/wp-content\/uploads\/2020\/01\/villazeeland_04-1.jpg\",\"width\":1900,\"height\":1272},{\"@type\":\"BreadcrumbList\",\"@id\":\"https:\/\/villazeeland.nl\/de\/kontakt\/#breadcrumb\",\"itemListElement\":[{\"@type\":\"ListItem\",\"position\":1,\"name\":\"Home\",\"item\":\"https:\/\/villazeeland.nl\/de\/\"},{\"@type\":\"ListItem\",\"position\":2,\"name\":\"Kontakt\"}]},{\"@type\":\"WebSite\",\"@id\":\"https:\/\/villazeeland.nl\/#website\",\"url\":\"https:\/\/villazeeland.nl\/\",\"name\":\"Ferienhaus am Meer\",\"description\":\"\u00d6kologisches Ferienhaus in Zeeland\",\"potentialAction\":[{\"@type\":\"SearchAction\",\"target\":{\"@type\":\"EntryPoint\",\"urlTemplate\":\"https:\/\/villazeeland.nl\/?s={search_term_string}\"},\"query-input\":\"required name=search_term_string\"}],\"inLanguage\":\"de-DE\"}]}<\/script>\n<!-- \/ Yoast SEO plugin. -->","yoast_head_json":{"title":"\u00d6kologisches Ferienhaus in Zeeland am Meer | Kontakt","description":"\u00d6kologisches Ferienhaus (6 Personen) in Zeeland an der niederl\u00e4ndischen K\u00fcste. Strand, Meer und Stadt in unmittelbarer Reichweite. Auch last-minute buchbar!","robots":{"index":"index","follow":"follow","max-snippet":"max-snippet:-1","max-image-preview":"max-image-preview:large","max-video-preview":"max-video-preview:-1"},"canonical":"https:\/\/villazeeland.nl\/de\/kontakt\/","og_locale":"de_DE","og_type":"article","og_title":"\u00d6kologisches Ferienhaus in Zeeland am Meer | Kontakt","og_description":"\u00d6kologisches Ferienhaus (6 Personen) in Zeeland an der niederl\u00e4ndischen K\u00fcste. Strand, Meer und Stadt in unmittelbarer Reichweite. Auch last-minute buchbar!","og_url":"https:\/\/villazeeland.nl\/de\/kontakt\/","og_site_name":"Ferienhaus am Meer","article_publisher":"https:\/\/www.facebook.com\/Duinlodge-Vlissingen-109772407211119\/","article_modified_time":"2017-04-10T07:30:45+00:00","og_image":[{"width":1900,"height":1272,"url":"https:\/\/villazeeland.nl\/site\/wp-content\/uploads\/2020\/01\/villazeeland_04-1.jpg","type":"image\/jpeg"}],"twitter_card":"summary_large_image","schema":{"@context":"https:\/\/schema.org","@graph":[{"@type":"WebPage","@id":"https:\/\/villazeeland.nl\/de\/kontakt\/","url":"https:\/\/villazeeland.nl\/de\/kontakt\/","name":"\u00d6kologisches Ferienhaus in Zeeland am Meer | Kontakt","isPartOf":{"@id":"https:\/\/villazeeland.nl\/#website"},"primaryImageOfPage":{"@id":"https:\/\/villazeeland.nl\/de\/kontakt\/#primaryimage"},"image":{"@id":"https:\/\/villazeeland.nl\/de\/kontakt\/#primaryimage"},"thumbnailUrl":"https:\/\/villazeeland.nl\/site\/wp-content\/uploads\/2020\/01\/villazeeland_04-1.jpg","datePublished":"2017-04-09T08:35:10+00:00","dateModified":"2017-04-10T07:30:45+00:00","description":"\u00d6kologisches Ferienhaus (6 Personen) in Zeeland an der niederl\u00e4ndischen K\u00fcste. Strand, Meer und Stadt in unmittelbarer Reichweite. Auch last-minute buchbar!","breadcrumb":{"@id":"https:\/\/villazeeland.nl\/de\/kontakt\/#breadcrumb"},"inLanguage":"de-DE","potentialAction":[{"@type":"ReadAction","target":["https:\/\/villazeeland.nl\/de\/kontakt\/"]}]},{"@type":"ImageObject","inLanguage":"de-DE","@id":"https:\/\/villazeeland.nl\/de\/kontakt\/#primaryimage","url":"https:\/\/villazeeland.nl\/site\/wp-content\/uploads\/2020\/01\/villazeeland_04-1.jpg","contentUrl":"https:\/\/villazeeland.nl\/site\/wp-content\/uploads\/2020\/01\/villazeeland_04-1.jpg","width":1900,"height":1272},{"@type":"BreadcrumbList","@id":"https:\/\/villazeeland.nl\/de\/kontakt\/#breadcrumb","itemListElement":[{"@type":"ListItem","position":1,"name":"Home","item":"https:\/\/villazeeland.nl\/de\/"},{"@type":"ListItem","position":2,"name":"Kontakt"}]},{"@type":"WebSite","@id":"https:\/\/villazeeland.nl\/#website","url":"https:\/\/villazeeland.nl\/","name":"Ferienhaus am Meer","description":"\u00d6kologisches Ferienhaus in Zeeland","potentialAction":[{"@type":"SearchAction","target":{"@type":"EntryPoint","urlTemplate":"https:\/\/villazeeland.nl\/?s={search_term_string}"},"query-input":"required name=search_term_string"}],"inLanguage":"de-DE"}]}},"_links":{"self":[{"href":"https:\/\/villazeeland.nl\/de\/wp-json\/wp\/v2\/pages\/242"}],"collection":[{"href":"https:\/\/villazeeland.nl\/de\/wp-json\/wp\/v2\/pages"}],"about":[{"href":"https:\/\/villazeeland.nl\/de\/wp-json\/wp\/v2\/types\/page"}],"author":[{"embeddable":true,"href":"https:\/\/villazeeland.nl\/de\/wp-json\/wp\/v2\/users\/4"}],"replies":[{"embeddable":true,"href":"https:\/\/villazeeland.nl\/de\/wp-json\/wp\/v2\/comments?post=242"}],"version-history":[{"count":0,"href":"https:\/\/villazeeland.nl\/de\/wp-json\/wp\/v2\/pages\/242\/revisions"}],"wp:featuredmedia":[{"embeddable":true,"href":"https:\/\/villazeeland.nl\/de\/wp-json\/wp\/v2\/media\/472"}],"wp:attachment":[{"href":"https:\/\/villazeeland.nl\/de\/wp-json\/wp\/v2\/media?parent=242"}],"curies":[{"name":"wp","href":"https:\/\/api.w.org\/{rel}","templated":true}]}}