{"id":238,"date":"2017-04-09T09:33:50","date_gmt":"2017-04-09T08:33:50","guid":{"rendered":"https:\/\/vakantiehuis-zeeland-aan-zee.nl\/?page_id=238\/"},"modified":"2023-02-01T16:26:33","modified_gmt":"2023-02-01T15:26:33","slug":"reservieren","status":"publish","type":"page","link":"https:\/\/villazeeland.nl\/de\/reservieren\/","title":{"rendered":"Reservieren"},"content":{"rendered":"<p>Reservierungen f\u00fcr das Ferienhaus an der Burgemeester van Woelderenlaan 1-15 in Vlissingen gehen \u00fcber die Vermieterorganisation Roompot.<\/p>\n<p>Klicken Sie <a href=\"https:\/\/boeken.roompot.nl\/roompot\/object\/resourceid\/38943821\/objectid\/7139337\/dc\/DBEI2\/rc\/aangebrachteigenaa\/lan\/de\/ownerid\/252415646\/myenv\/true\" target=\"_blank\" rel=\"noopener noreferrer\">hier<\/a>, um direkt auf die Buchungsseite von Ferienhaus 1-15 von Nordsee Resort Vlissingen zu kommen. Ihre Reservierung wird von Roompot best\u00e4tigt.<\/p>\n<p>Sie k\u00f6nnen auch das Formular unten ausf\u00fcllen. Geben Sie einfach den gew\u00fcnschten Buchungszeitraum an. Sie h\u00f6ren dan z\u00fcgig per Mail ob das Haus noch verf\u00fcgbar ist, und was die Kosten sind. Nach Zusage erhalten Sie von Roompot Best\u00e4tigung, Rechnung und alle ben\u00f6tigten Informationen.<\/p>\n<p>Bei anderen Fragen zur Reservierung oder dem Ferienhaus verwenden Sie\u00a0das <a href=\"https:\/\/villazeeland.nl\/site\/de\/kontakt\/\" target=\"_blank\" rel=\"noopener noreferrer\">Kontaktformular<\/a> auf unserer Website.<\/p>\n<p>&nbsp;<\/p>\n<div class=\"caldera-grid\" id=\"caldera_form_1\" data-cf-ver=\"1.9.6\" data-cf-form-id=\"CF58e9f5186dae0\"><div id=\"caldera_notices_1\" data-spinner=\"https:\/\/villazeeland.nl\/site\/wp-admin\/images\/spinner.gif\"><\/div><form data-instance=\"1\" class=\"CF58e9f5186dae0 caldera_forms_form cfajax-trigger\" method=\"POST\" enctype=\"multipart\/form-data\" id=\"CF58e9f5186dae0_1\" data-form-id=\"CF58e9f5186dae0\" aria-label=\"Reserveren [de]\" data-target=\"#caldera_notices_1\" data-template=\"#cfajax_CF58e9f5186dae0-tmpl\" data-cfajax=\"CF58e9f5186dae0\" data-load-element=\"_parent\" data-load-class=\"cf_processing\" data-post-disable=\"1\" data-action=\"cf_process_ajax_submit\" data-request=\"https:\/\/villazeeland.nl\/de\/\/cf-api\/CF58e9f5186dae0\" data-hiderows=\"true\">\r\n<input type=\"hidden\" id=\"_cf_verify_CF58e9f5186dae0\" name=\"_cf_verify\" value=\"abd614a217\"  data-nonce-time=\"1777503731\" \/><input type=\"hidden\" name=\"_wp_http_referer\" value=\"\/de\/wp-json\/wp\/v2\/pages\/238\" \/><div id=\"cf2-CF58e9f5186dae0_1\"><\/div><input type=\"hidden\" name=\"_cf_frm_id\" value=\"CF58e9f5186dae0\">\r\n<input type=\"hidden\" name=\"_cf_frm_ct\" value=\"1\">\r\n<input type=\"hidden\" name=\"cfajax\" value=\"CF58e9f5186dae0\">\r\n<input type=\"hidden\" name=\"_cf_cr_pst\" value=\"238\">\r\n<div class=\"hide\" style=\"display:none; overflow:hidden;height:0;width:0;\">\r\n<label>Url<\/label><input type=\"text\" name=\"url\" value=\"\" autocomplete=\"off\">\r\n<\/div><div id=\"CF58e9f5186dae0_1-row-1\"  class=\"row  first_row\"><div  class=\"col-sm-6  first_col\"><div data-field-wrapper=\"fld_8768091\" class=\"form-group\" id=\"fld_8768091_1-wrap\">\r\n\t<label id=\"fld_8768091Label\" for=\"fld_8768091_1\" class=\"control-label\">Vorname <span aria-hidden=\"true\" role=\"presentation\" class=\"field_required\" style=\"color:#ee0000;\">*<\/span><\/label>\r\n\t<div class=\"\">\r\n\t\t<input   required type=\"text\" data-field=\"fld_8768091\" class=\" form-control\" id=\"fld_8768091_1\" name=\"fld_8768091\" value=\"\" data-type=\"text\" aria-required=\"true\"   aria-labelledby=\"fld_8768091Label\" >\t\t\t<\/div>\r\n<\/div>\r\n<\/div><div  class=\"col-sm-6  last_col\"><div data-field-wrapper=\"fld_9970286\" class=\"form-group\" id=\"fld_9970286_1-wrap\">\r\n\t<label id=\"fld_9970286Label\" for=\"fld_9970286_1\" class=\"control-label\">Nachname <span aria-hidden=\"true\" role=\"presentation\" class=\"field_required\" style=\"color:#ee0000;\">*<\/span><\/label>\r\n\t<div class=\"\">\r\n\t\t<input   required type=\"text\" data-field=\"fld_9970286\" class=\" form-control\" id=\"fld_9970286_1\" name=\"fld_9970286\" value=\"\" data-type=\"text\" aria-required=\"true\"   aria-labelledby=\"fld_9970286Label\" >\t\t\t<\/div>\r\n<\/div>\r\n<\/div><\/div><div id=\"CF58e9f5186dae0_1-row-2\"  class=\"row \"><div  class=\"col-sm-9  first_col\"><div data-field-wrapper=\"fld_1757905\" class=\"form-group\" id=\"fld_1757905_1-wrap\">\r\n\t<label id=\"fld_1757905Label\" for=\"fld_1757905_1\" class=\"control-label\">Stra\u00dfe <span aria-hidden=\"true\" role=\"presentation\" class=\"field_required\" style=\"color:#ee0000;\">*<\/span><\/label>\r\n\t<div class=\"\">\r\n\t\t<input   required type=\"text\" data-field=\"fld_1757905\" class=\" form-control\" id=\"fld_1757905_1\" name=\"fld_1757905\" value=\"\" data-type=\"text\" aria-required=\"true\"   aria-labelledby=\"fld_1757905Label\" >\t\t\t<\/div>\r\n<\/div>\r\n<\/div><div  class=\"col-sm-3  last_col\"><div data-field-wrapper=\"fld_6251099\" class=\"form-group\" id=\"fld_6251099_1-wrap\">\r\n\t<label id=\"fld_6251099Label\" for=\"fld_6251099_1\" class=\"control-label\">Hausnummer <span aria-hidden=\"true\" role=\"presentation\" class=\"field_required\" style=\"color:#ee0000;\">*<\/span><\/label>\r\n\t<div class=\"\">\r\n\t\t<input   required type=\"text\" data-field=\"fld_6251099\" class=\" form-control\" id=\"fld_6251099_1\" name=\"fld_6251099\" value=\"\" data-type=\"text\" aria-required=\"true\"   aria-labelledby=\"fld_6251099Label\" >\t\t\t<\/div>\r\n<\/div>\r\n<\/div><\/div><div id=\"CF58e9f5186dae0_1-row-3\"  class=\"row \"><div  class=\"col-sm-6  first_col\"><div data-field-wrapper=\"fld_8259781\" class=\"form-group\" id=\"fld_8259781_1-wrap\">\r\n\t<label id=\"fld_8259781Label\" for=\"fld_8259781_1\" class=\"control-label\">PLZ <span aria-hidden=\"true\" role=\"presentation\" class=\"field_required\" style=\"color:#ee0000;\">*<\/span><\/label>\r\n\t<div class=\"\">\r\n\t\t<input   required type=\"text\" data-field=\"fld_8259781\" class=\" form-control\" id=\"fld_8259781_1\" name=\"fld_8259781\" value=\"\" data-type=\"text\" aria-required=\"true\"   aria-labelledby=\"fld_8259781Label\" >\t\t\t<\/div>\r\n<\/div>\r\n<\/div><div  class=\"col-sm-6  last_col\"><div data-field-wrapper=\"fld_198866\" class=\"form-group\" id=\"fld_198866_1-wrap\">\r\n\t<label id=\"fld_198866Label\" for=\"fld_198866_1\" class=\"control-label\">Ort <span aria-hidden=\"true\" role=\"presentation\" class=\"field_required\" style=\"color:#ee0000;\">*<\/span><\/label>\r\n\t<div class=\"\">\r\n\t\t<input   required type=\"text\" data-field=\"fld_198866\" class=\" form-control\" id=\"fld_198866_1\" name=\"fld_198866\" value=\"\" data-type=\"text\" aria-required=\"true\"   aria-labelledby=\"fld_198866Label\" >\t\t\t<\/div>\r\n<\/div>\r\n<\/div><\/div><div id=\"CF58e9f5186dae0_1-row-4\"  class=\"row \"><div  class=\"col-sm-6  first_col\"><div data-field-wrapper=\"fld_6009157\" class=\"form-group\" id=\"fld_6009157_1-wrap\">\r\n\t<label id=\"fld_6009157Label\" for=\"fld_6009157_1\" class=\"control-label\">E-mail Adresse <span aria-hidden=\"true\" role=\"presentation\" class=\"field_required\" style=\"color:#ee0000;\">*<\/span><\/label>\r\n\t<div class=\"\">\r\n\t\t<input   required type=\"email\" data-field=\"fld_6009157\" class=\" form-control\" id=\"fld_6009157_1\" name=\"fld_6009157\" value=\"\" data-type=\"email\" aria-required=\"true\"   aria-labelledby=\"fld_6009157Label\" >\t\t\t<\/div>\r\n<\/div>\r\n<\/div><div  class=\"col-sm-6  last_col\"><div data-field-wrapper=\"fld_9993260\" class=\"form-group\" id=\"fld_9993260_1-wrap\">\r\n\t<label id=\"fld_9993260Label\" for=\"fld_9993260_1\" class=\"control-label\">Telefon <span aria-hidden=\"true\" role=\"presentation\" class=\"field_required\" style=\"color:#ee0000;\">*<\/span><\/label>\r\n\t<div class=\"\">\r\n\t\t<input  data-inputmask=\"'mask': '(999)999-9999'\"  required type=\"phone\" data-field=\"fld_9993260\" class=\" form-control\" id=\"fld_9993260_1\" name=\"fld_9993260\" value=\"\" data-type=\"phone\" aria-required=\"true\"   aria-labelledby=\"fld_9993260Label\" >\t\t\t<\/div>\r\n<\/div>\r\n<\/div><\/div><div id=\"CF58e9f5186dae0_1-row-5\"  class=\"row \"><div  class=\"col-sm-6  first_col\">\n<div data-field-wrapper=\"fld_4485968\" class=\"form-group\" id=\"fld_4485968_1-wrap\">\r\n\t<label id=\"fld_4485968Label\" for=\"fld_4485968_1\" class=\"control-label\">Gew\u00fcnschte Anreise <span aria-hidden=\"true\" role=\"presentation\" class=\"field_required\" style=\"color:#ee0000;\">*<\/span><\/label>\r\n\t<div class=\"\">\r\n\t\t<input  type=\"text\" data-provide=\"cfdatepicker\" name=\"fld_4485968\" value=\"\" id=\"fld_4485968_1\" data-field=\"fld_4485968\" class=\"form-control cfdatepicker is-cfdatepicker\" data-date-format=\"dd-mm-yyyy\" required=\"1\" data-date-start-view=\"month\" data-date-language=\"nl\" data-date-autoclose=\"true\"   aria-labelledby=\"fld_4485968Label\" required  \/>\n\t\t\t<\/div>\r\n<\/div>\r\n<\/div><div  class=\"col-sm-6  last_col\">\n<div data-field-wrapper=\"fld_4667551\" class=\"form-group\" id=\"fld_4667551_1-wrap\">\r\n\t<label id=\"fld_4667551Label\" for=\"fld_4667551_1\" class=\"control-label\">Gew\u00fcnschte Abreise <span aria-hidden=\"true\" role=\"presentation\" class=\"field_required\" style=\"color:#ee0000;\">*<\/span><\/label>\r\n\t<div class=\"\">\r\n\t\t<input  type=\"text\" data-provide=\"cfdatepicker\" name=\"fld_4667551\" value=\"\" id=\"fld_4667551_1\" data-field=\"fld_4667551\" class=\"form-control cfdatepicker is-cfdatepicker\" data-date-format=\"dd-mm-yyyy\" required=\"1\" data-date-start-view=\"month\" data-date-language=\"nl\" data-date-autoclose=\"true\"   aria-labelledby=\"fld_4667551Label\" required  \/>\n\t\t\t<\/div>\r\n<\/div>\r\n<\/div><\/div><div id=\"CF58e9f5186dae0_1-row-6\"  class=\"row \"><div  class=\"col-sm-12  single\"><div data-field-wrapper=\"fld_1575574\" class=\"form-group privacy_consent\" id=\"fld_1575574_1-wrap\">\r\n<div class=\"\">\r\n\n<div class=\"checkbox-inline caldera-forms-consent-field\">\n    <input data-parsley-required=\"true\" data-parsley-group=\"fld_1575574_1\" data-parsley-multiple=\"fld_1575574_1\"        type=\"checkbox\" data-label=\"privacy\"\n        data-field=\"fld_1575574\"\n        id=\"fld_1575574_1\"\n        class=\"fld_1575574_1 option-required\"\n        name=\"fld_1575574\"\n        value=\"1\"\n        data-type=\"checkbox\"\n        data-checkbox-field=\"fld_1575574_1\"\n    >\n    <label for=\"fld_1575574_1\"\n           class=\"caldera-forms-gdpr-field-label\"\n           style=\"display:inline; margin-left: 0.5rem;\"\n    >\n                <p\n            class=\"caldera-forms-consent-field-agreement\"\n        >\n            Ich bin einverstanden mit den        <\/p>\n        <a href=\"https:\/\/villazeeland.nl\/privacybeleid\/\"\n           target=\"_blank\"\n                title=\"Privacy Policy Page\"\n            class=\"caldera-forms-consent-field-linked_text\"\n            >\n            datenschutzrichtlinien        <\/a>\n    <\/label>\n    <span style=\"color:#ff0000;\">*<\/span>\n<\/div>\n\n<\/div>\r\n<\/div>\r\n<\/div><\/div><div id=\"CF58e9f5186dae0_1-row-7\"  class=\"row  last_row\"><div  class=\"col-sm-12  single\"><div data-field-wrapper=\"fld_7908577\" class=\"form-group\" id=\"fld_7908577_1-wrap\">\r\n<div class=\"\">\r\n\t<input  class=\"\" type=\"submit\" name=\"fld_7908577\" id=\"fld_7908577_1\" value=\"Senden\" data-field=\"fld_7908577\"  >\n<\/div>\r\n<\/div>\r\n\t<input class=\"button_trigger_1\" type=\"hidden\" name=\"fld_7908577\" id=\"fld_7908577_1_btn\" value=\"\" data-field=\"fld_7908577\"  \/>\n<\/div><\/div><\/form>\r\n<\/div>\r\n\n<p>&nbsp;<\/p>\n<p>NB:<\/p>\n<ul>\n<li>Mietzeitraum: Langes Wochenende, unter der Woche oder volle Woche(n)<\/li>\n<li>Anreise: 15.00 \u2013 17.00 Uhr , Abfahrt: bis\u00a010.00 Uhr<\/li>\n<li>Gratis Parkplatz bei der Unterkunft<\/li>\n<\/ul>\n","protected":false},"excerpt":{"rendered":"<p>Reservierungen f\u00fcr das Ferienhaus an der Burgemeester van Woelderenlaan 1-15 in Vlissingen gehen \u00fcber die Vermieterorganisation Roompot. Klicken Sie hier,<\/p>\n","protected":false},"author":4,"featured_media":506,"parent":0,"menu_order":4,"comment_status":"closed","ping_status":"closed","template":"template-fullwidth.php","meta":{"_exactmetrics_skip_tracking":false,"_exactmetrics_sitenote_active":false,"_exactmetrics_sitenote_note":"","_exactmetrics_sitenote_category":0,"footnotes":""},"yoast_head":"<!-- This site is optimized with the Yoast SEO plugin v22.3 - https:\/\/yoast.com\/wordpress\/plugins\/seo\/ -->\n<title>\u00d6kologisches Ferienhaus in Zeeland am Meer | Reservieren<\/title>\n<meta name=\"description\" content=\"\u00d6kologisches Ferienhaus (6 Personen) in Zeeland an der niederl\u00e4ndischen K\u00fcste. Strand, Meer und Stadt in unmittelbarer Reichweite. Auch last-minute buchbar!\" \/>\n<meta name=\"robots\" content=\"index, follow, max-snippet:-1, max-image-preview:large, max-video-preview:-1\" \/>\n<link rel=\"canonical\" href=\"https:\/\/villazeeland.nl\/de\/reservieren\/\" \/>\n<meta property=\"og:locale\" content=\"de_DE\" \/>\n<meta property=\"og:type\" content=\"article\" \/>\n<meta property=\"og:title\" content=\"\u00d6kologisches Ferienhaus in Zeeland am Meer | Reservieren\" \/>\n<meta property=\"og:description\" content=\"\u00d6kologisches Ferienhaus (6 Personen) in Zeeland an der niederl\u00e4ndischen K\u00fcste. Strand, Meer und Stadt in unmittelbarer Reichweite. Auch last-minute buchbar!\" \/>\n<meta property=\"og:url\" content=\"https:\/\/villazeeland.nl\/de\/reservieren\/\" \/>\n<meta property=\"og:site_name\" content=\"Ferienhaus am Meer\" \/>\n<meta property=\"article:publisher\" content=\"https:\/\/www.facebook.com\/Duinlodge-Vlissingen-109772407211119\/\" \/>\n<meta property=\"article:modified_time\" content=\"2023-02-01T15:26:33+00:00\" \/>\n<meta property=\"og:image\" content=\"https:\/\/villazeeland.nl\/site\/wp-content\/uploads\/2020\/01\/villazeeland_22.jpg\" \/>\n\t<meta property=\"og:image:width\" content=\"1874\" \/>\n\t<meta property=\"og:image:height\" content=\"1249\" \/>\n\t<meta property=\"og:image:type\" content=\"image\/jpeg\" \/>\n<meta name=\"twitter:card\" content=\"summary_large_image\" \/>\n<meta name=\"twitter:label1\" content=\"Gesch\u00e4tzte Lesezeit\" \/>\n\t<meta name=\"twitter:data1\" content=\"1 Minute\" \/>\n<script type=\"application\/ld+json\" class=\"yoast-schema-graph\">{\"@context\":\"https:\/\/schema.org\",\"@graph\":[{\"@type\":\"WebPage\",\"@id\":\"https:\/\/villazeeland.nl\/de\/reservieren\/\",\"url\":\"https:\/\/villazeeland.nl\/de\/reservieren\/\",\"name\":\"\u00d6kologisches Ferienhaus in Zeeland am Meer | Reservieren\",\"isPartOf\":{\"@id\":\"https:\/\/villazeeland.nl\/#website\"},\"primaryImageOfPage\":{\"@id\":\"https:\/\/villazeeland.nl\/de\/reservieren\/#primaryimage\"},\"image\":{\"@id\":\"https:\/\/villazeeland.nl\/de\/reservieren\/#primaryimage\"},\"thumbnailUrl\":\"https:\/\/villazeeland.nl\/site\/wp-content\/uploads\/2020\/01\/villazeeland_22.jpg\",\"datePublished\":\"2017-04-09T08:33:50+00:00\",\"dateModified\":\"2023-02-01T15:26:33+00:00\",\"description\":\"\u00d6kologisches Ferienhaus (6 Personen) in Zeeland an der niederl\u00e4ndischen K\u00fcste. Strand, Meer und Stadt in unmittelbarer Reichweite. Auch last-minute buchbar!\",\"breadcrumb\":{\"@id\":\"https:\/\/villazeeland.nl\/de\/reservieren\/#breadcrumb\"},\"inLanguage\":\"de-DE\",\"potentialAction\":[{\"@type\":\"ReadAction\",\"target\":[\"https:\/\/villazeeland.nl\/de\/reservieren\/\"]}]},{\"@type\":\"ImageObject\",\"inLanguage\":\"de-DE\",\"@id\":\"https:\/\/villazeeland.nl\/de\/reservieren\/#primaryimage\",\"url\":\"https:\/\/villazeeland.nl\/site\/wp-content\/uploads\/2020\/01\/villazeeland_22.jpg\",\"contentUrl\":\"https:\/\/villazeeland.nl\/site\/wp-content\/uploads\/2020\/01\/villazeeland_22.jpg\",\"width\":1874,\"height\":1249},{\"@type\":\"BreadcrumbList\",\"@id\":\"https:\/\/villazeeland.nl\/de\/reservieren\/#breadcrumb\",\"itemListElement\":[{\"@type\":\"ListItem\",\"position\":1,\"name\":\"Home\",\"item\":\"https:\/\/villazeeland.nl\/de\/\"},{\"@type\":\"ListItem\",\"position\":2,\"name\":\"Reservieren\"}]},{\"@type\":\"WebSite\",\"@id\":\"https:\/\/villazeeland.nl\/#website\",\"url\":\"https:\/\/villazeeland.nl\/\",\"name\":\"Ferienhaus am Meer\",\"description\":\"\u00d6kologisches Ferienhaus in Zeeland\",\"potentialAction\":[{\"@type\":\"SearchAction\",\"target\":{\"@type\":\"EntryPoint\",\"urlTemplate\":\"https:\/\/villazeeland.nl\/?s={search_term_string}\"},\"query-input\":\"required name=search_term_string\"}],\"inLanguage\":\"de-DE\"}]}<\/script>\n<!-- \/ Yoast SEO plugin. -->","yoast_head_json":{"title":"\u00d6kologisches Ferienhaus in Zeeland am Meer | Reservieren","description":"\u00d6kologisches Ferienhaus (6 Personen) in Zeeland an der niederl\u00e4ndischen K\u00fcste. Strand, Meer und Stadt in unmittelbarer Reichweite. Auch last-minute buchbar!","robots":{"index":"index","follow":"follow","max-snippet":"max-snippet:-1","max-image-preview":"max-image-preview:large","max-video-preview":"max-video-preview:-1"},"canonical":"https:\/\/villazeeland.nl\/de\/reservieren\/","og_locale":"de_DE","og_type":"article","og_title":"\u00d6kologisches Ferienhaus in Zeeland am Meer | Reservieren","og_description":"\u00d6kologisches Ferienhaus (6 Personen) in Zeeland an der niederl\u00e4ndischen K\u00fcste. Strand, Meer und Stadt in unmittelbarer Reichweite. Auch last-minute buchbar!","og_url":"https:\/\/villazeeland.nl\/de\/reservieren\/","og_site_name":"Ferienhaus am Meer","article_publisher":"https:\/\/www.facebook.com\/Duinlodge-Vlissingen-109772407211119\/","article_modified_time":"2023-02-01T15:26:33+00:00","og_image":[{"width":1874,"height":1249,"url":"https:\/\/villazeeland.nl\/site\/wp-content\/uploads\/2020\/01\/villazeeland_22.jpg","type":"image\/jpeg"}],"twitter_card":"summary_large_image","twitter_misc":{"Gesch\u00e4tzte Lesezeit":"1 Minute"},"schema":{"@context":"https:\/\/schema.org","@graph":[{"@type":"WebPage","@id":"https:\/\/villazeeland.nl\/de\/reservieren\/","url":"https:\/\/villazeeland.nl\/de\/reservieren\/","name":"\u00d6kologisches Ferienhaus in Zeeland am Meer | Reservieren","isPartOf":{"@id":"https:\/\/villazeeland.nl\/#website"},"primaryImageOfPage":{"@id":"https:\/\/villazeeland.nl\/de\/reservieren\/#primaryimage"},"image":{"@id":"https:\/\/villazeeland.nl\/de\/reservieren\/#primaryimage"},"thumbnailUrl":"https:\/\/villazeeland.nl\/site\/wp-content\/uploads\/2020\/01\/villazeeland_22.jpg","datePublished":"2017-04-09T08:33:50+00:00","dateModified":"2023-02-01T15:26:33+00:00","description":"\u00d6kologisches Ferienhaus (6 Personen) in Zeeland an der niederl\u00e4ndischen K\u00fcste. Strand, Meer und Stadt in unmittelbarer Reichweite. Auch last-minute buchbar!","breadcrumb":{"@id":"https:\/\/villazeeland.nl\/de\/reservieren\/#breadcrumb"},"inLanguage":"de-DE","potentialAction":[{"@type":"ReadAction","target":["https:\/\/villazeeland.nl\/de\/reservieren\/"]}]},{"@type":"ImageObject","inLanguage":"de-DE","@id":"https:\/\/villazeeland.nl\/de\/reservieren\/#primaryimage","url":"https:\/\/villazeeland.nl\/site\/wp-content\/uploads\/2020\/01\/villazeeland_22.jpg","contentUrl":"https:\/\/villazeeland.nl\/site\/wp-content\/uploads\/2020\/01\/villazeeland_22.jpg","width":1874,"height":1249},{"@type":"BreadcrumbList","@id":"https:\/\/villazeeland.nl\/de\/reservieren\/#breadcrumb","itemListElement":[{"@type":"ListItem","position":1,"name":"Home","item":"https:\/\/villazeeland.nl\/de\/"},{"@type":"ListItem","position":2,"name":"Reservieren"}]},{"@type":"WebSite","@id":"https:\/\/villazeeland.nl\/#website","url":"https:\/\/villazeeland.nl\/","name":"Ferienhaus am Meer","description":"\u00d6kologisches Ferienhaus in Zeeland","potentialAction":[{"@type":"SearchAction","target":{"@type":"EntryPoint","urlTemplate":"https:\/\/villazeeland.nl\/?s={search_term_string}"},"query-input":"required name=search_term_string"}],"inLanguage":"de-DE"}]}},"_links":{"self":[{"href":"https:\/\/villazeeland.nl\/de\/wp-json\/wp\/v2\/pages\/238"}],"collection":[{"href":"https:\/\/villazeeland.nl\/de\/wp-json\/wp\/v2\/pages"}],"about":[{"href":"https:\/\/villazeeland.nl\/de\/wp-json\/wp\/v2\/types\/page"}],"author":[{"embeddable":true,"href":"https:\/\/villazeeland.nl\/de\/wp-json\/wp\/v2\/users\/4"}],"replies":[{"embeddable":true,"href":"https:\/\/villazeeland.nl\/de\/wp-json\/wp\/v2\/comments?post=238"}],"version-history":[{"count":0,"href":"https:\/\/villazeeland.nl\/de\/wp-json\/wp\/v2\/pages\/238\/revisions"}],"wp:featuredmedia":[{"embeddable":true,"href":"https:\/\/villazeeland.nl\/de\/wp-json\/wp\/v2\/media\/506"}],"wp:attachment":[{"href":"https:\/\/villazeeland.nl\/de\/wp-json\/wp\/v2\/media?parent=238"}],"curies":[{"name":"wp","href":"https:\/\/api.w.org\/{rel}","templated":true}]}}