{"id":234,"date":"2017-04-09T09:31:23","date_gmt":"2017-04-09T08:31:23","guid":{"rendered":"https:\/\/vakantiehuis-zeeland-aan-zee.nl\/?page_id=234\/"},"modified":"2024-03-20T20:33:22","modified_gmt":"2024-03-20T19:33:22","slug":"ausstattung","status":"publish","type":"page","link":"https:\/\/villazeeland.nl\/de\/ausstattung\/","title":{"rendered":"Ausstattung"},"content":{"rendered":"<table id=\"voorzieningen\">\n<tbody>\n<tr>\n<td><b>Unterkunft<\/b><\/p>\n<ul>\n<li>90m\u00b2<\/li>\n<li>Mit Obergeschoss (2 Schlafzimmer oben und 1 im Erdgeschoss)<\/li>\n<li>Sonnenschutz<\/li>\n<\/ul>\n<p><b>Lage<\/b><\/p>\n<ul>\n<li>Freistehendes Haus (Privatsph\u00e4re)<\/li>\n<li>Strandnah<\/li>\n<li>Ruhige S\u00fcdlage<\/li>\n<li>Spielplatz in der N\u00e4he<\/li>\n<li>Tennisplatz in der N\u00e4he<\/li>\n<li>Parkplatz in der N\u00e4he<\/li>\n<\/ul>\n<p><b>Internet<\/b><\/p>\n<ul>\n<li>WiFi (kostenlos)<\/li>\n<\/ul>\n<p><b>Zug\u00e4nglichkeit<\/b><\/p>\n<ul>\n<li>Erdgeschoss mit Dusche und Toilette schwellenfrei<\/li>\n<li>Obergeschoss 1 Schlafzimmer mit Bad<\/li>\n<li>Obergeschoss 1 Schlafzimmer mit Dusche<\/li>\n<li>Separates Toilet<\/li>\n<li>Schlafzimmer nur \u00fcber Treppen zug\u00e4nglich<\/li>\n<\/ul>\n<p><b>Algemein<\/b><\/p>\n<ul>\n<li>Haustier(e) nicht gestattet<\/li>\n<li>Nichtraucher<\/li>\n<li>Premium platz<\/li>\n<li>WiFi (kostenlos)<\/li>\n<li>Fu\u00dfbodenheizung<\/li>\n<li>Holzofen<\/li>\n<li>Smart-TV\u2018s<\/li>\n<li>Waschmaschine<\/li>\n<\/ul>\n<\/td>\n<td><b>Schlafzimmer<\/b><\/p>\n<ul>\n<li>1 Schlafzimmer unten<\/li>\n<li>2 Schlafzimmer oben<\/li>\n<li>Boxspringbetten<\/li>\n<li>Einzeldecken und Kopfkissen vorhanden<\/li>\n<li>6 Einzelbetten<\/li>\n<li>Fernseher im alle 3 Schlafzimmer<\/li>\n<\/ul>\n<p><b>K\u00fcche<\/b><\/p>\n<ul>\n<li>Quooker<\/li>\n<li>K\u00fchlschrank mit Gefrierfach<\/li>\n<li>Mikrowelle<\/li>\n<li>Geschirrsp\u00fcler<\/li>\n<li>Wasserkocher<\/li>\n<li>Nespressomachine<\/li>\n<\/ul>\n<p><b>Sanit\u00e4r<\/b><\/p>\n<ul>\n<li>Thermo-Mischbatterien<\/li>\n<li>Fu\u00dfbodenheizung in alle Badezimmer und Toiletten<\/li>\n<li>2 separate Toiletten<\/li>\n<li>Barrierefreie Duschen<\/li>\n<li>Badezimmer im Erdgeschoss<\/li>\n<\/ul>\n<p><b>Au\u00dfen<\/b><\/p>\n<ul>\n<li>Terrasse (teilweise \u00fcberdacht)<\/li>\n<li>Garten<\/li>\n<li>Gartenm\u00f6bel f\u00fcr 6 Personen<\/li>\n<li>Eigener Gartenzaun<\/li>\n<li>S\u00fcdlage<\/li>\n<li>Freistehend<\/li>\n<\/ul>\n<\/td>\n<\/tr>\n<\/tbody>\n<\/table>\n","protected":false},"excerpt":{"rendered":"<p>Unterkunft 90m\u00b2 Mit Obergeschoss (2 Schlafzimmer oben und 1 im Erdgeschoss) Sonnenschutz Lage Freistehendes Haus (Privatsph\u00e4re) Strandnah Ruhige S\u00fcdlage Spielplatz<\/p>\n","protected":false},"author":4,"featured_media":480,"parent":0,"menu_order":2,"comment_status":"closed","ping_status":"closed","template":"template-fullwidth.php","meta":{"_exactmetrics_skip_tracking":false,"_exactmetrics_sitenote_active":false,"_exactmetrics_sitenote_note":"","_exactmetrics_sitenote_category":0,"footnotes":""},"yoast_head":"<!-- This site is optimized with the Yoast SEO plugin v22.3 - https:\/\/yoast.com\/wordpress\/plugins\/seo\/ -->\n<title>\u00d6kologisches Ferienhaus in Zeeland am Meer | Ausstattung<\/title>\n<meta name=\"description\" content=\"\u00d6kologisches Ferienhaus (6 Personen) in Zeeland an der niederl\u00e4ndischen K\u00fcste. Strand, Meer und Stadt in unmittelbarer Reichweite. Auch last-minute buchbar!\" \/>\n<meta name=\"robots\" content=\"index, follow, max-snippet:-1, max-image-preview:large, max-video-preview:-1\" \/>\n<link rel=\"canonical\" href=\"https:\/\/villazeeland.nl\/de\/ausstattung\/\" \/>\n<meta property=\"og:locale\" content=\"de_DE\" \/>\n<meta property=\"og:type\" content=\"article\" \/>\n<meta property=\"og:title\" content=\"\u00d6kologisches Ferienhaus in Zeeland am Meer | Ausstattung\" \/>\n<meta property=\"og:description\" content=\"\u00d6kologisches Ferienhaus (6 Personen) in Zeeland an der niederl\u00e4ndischen K\u00fcste. Strand, Meer und Stadt in unmittelbarer Reichweite. Auch last-minute buchbar!\" \/>\n<meta property=\"og:url\" content=\"https:\/\/villazeeland.nl\/de\/ausstattung\/\" \/>\n<meta property=\"og:site_name\" content=\"Ferienhaus am Meer\" \/>\n<meta property=\"article:publisher\" content=\"https:\/\/www.facebook.com\/Duinlodge-Vlissingen-109772407211119\/\" \/>\n<meta property=\"article:modified_time\" content=\"2024-03-20T19:33:22+00:00\" \/>\n<meta property=\"og:image\" content=\"https:\/\/villazeeland.nl\/site\/wp-content\/uploads\/2020\/01\/villazeeland_09-1.jpg\" \/>\n\t<meta property=\"og:image:width\" content=\"1864\" \/>\n\t<meta property=\"og:image:height\" content=\"1247\" \/>\n\t<meta property=\"og:image:type\" content=\"image\/jpeg\" \/>\n<meta name=\"twitter:card\" content=\"summary_large_image\" \/>\n<meta name=\"twitter:label1\" content=\"Gesch\u00e4tzte Lesezeit\" \/>\n\t<meta name=\"twitter:data1\" content=\"1 Minute\" \/>\n<script type=\"application\/ld+json\" class=\"yoast-schema-graph\">{\"@context\":\"https:\/\/schema.org\",\"@graph\":[{\"@type\":\"WebPage\",\"@id\":\"https:\/\/villazeeland.nl\/de\/ausstattung\/\",\"url\":\"https:\/\/villazeeland.nl\/de\/ausstattung\/\",\"name\":\"\u00d6kologisches Ferienhaus in Zeeland am Meer | Ausstattung\",\"isPartOf\":{\"@id\":\"https:\/\/villazeeland.nl\/#website\"},\"primaryImageOfPage\":{\"@id\":\"https:\/\/villazeeland.nl\/de\/ausstattung\/#primaryimage\"},\"image\":{\"@id\":\"https:\/\/villazeeland.nl\/de\/ausstattung\/#primaryimage\"},\"thumbnailUrl\":\"https:\/\/villazeeland.nl\/site\/wp-content\/uploads\/2020\/01\/villazeeland_09-1.jpg\",\"datePublished\":\"2017-04-09T08:31:23+00:00\",\"dateModified\":\"2024-03-20T19:33:22+00:00\",\"description\":\"\u00d6kologisches Ferienhaus (6 Personen) in Zeeland an der niederl\u00e4ndischen K\u00fcste. Strand, Meer und Stadt in unmittelbarer Reichweite. Auch last-minute buchbar!\",\"breadcrumb\":{\"@id\":\"https:\/\/villazeeland.nl\/de\/ausstattung\/#breadcrumb\"},\"inLanguage\":\"de-DE\",\"potentialAction\":[{\"@type\":\"ReadAction\",\"target\":[\"https:\/\/villazeeland.nl\/de\/ausstattung\/\"]}]},{\"@type\":\"ImageObject\",\"inLanguage\":\"de-DE\",\"@id\":\"https:\/\/villazeeland.nl\/de\/ausstattung\/#primaryimage\",\"url\":\"https:\/\/villazeeland.nl\/site\/wp-content\/uploads\/2020\/01\/villazeeland_09-1.jpg\",\"contentUrl\":\"https:\/\/villazeeland.nl\/site\/wp-content\/uploads\/2020\/01\/villazeeland_09-1.jpg\",\"width\":1864,\"height\":1247},{\"@type\":\"BreadcrumbList\",\"@id\":\"https:\/\/villazeeland.nl\/de\/ausstattung\/#breadcrumb\",\"itemListElement\":[{\"@type\":\"ListItem\",\"position\":1,\"name\":\"Home\",\"item\":\"https:\/\/villazeeland.nl\/de\/\"},{\"@type\":\"ListItem\",\"position\":2,\"name\":\"Ausstattung\"}]},{\"@type\":\"WebSite\",\"@id\":\"https:\/\/villazeeland.nl\/#website\",\"url\":\"https:\/\/villazeeland.nl\/\",\"name\":\"Ferienhaus am Meer\",\"description\":\"\u00d6kologisches Ferienhaus in Zeeland\",\"potentialAction\":[{\"@type\":\"SearchAction\",\"target\":{\"@type\":\"EntryPoint\",\"urlTemplate\":\"https:\/\/villazeeland.nl\/?s={search_term_string}\"},\"query-input\":\"required name=search_term_string\"}],\"inLanguage\":\"de-DE\"}]}<\/script>\n<!-- \/ Yoast SEO plugin. -->","yoast_head_json":{"title":"\u00d6kologisches Ferienhaus in Zeeland am Meer | Ausstattung","description":"\u00d6kologisches Ferienhaus (6 Personen) in Zeeland an der niederl\u00e4ndischen K\u00fcste. Strand, Meer und Stadt in unmittelbarer Reichweite. Auch last-minute buchbar!","robots":{"index":"index","follow":"follow","max-snippet":"max-snippet:-1","max-image-preview":"max-image-preview:large","max-video-preview":"max-video-preview:-1"},"canonical":"https:\/\/villazeeland.nl\/de\/ausstattung\/","og_locale":"de_DE","og_type":"article","og_title":"\u00d6kologisches Ferienhaus in Zeeland am Meer | Ausstattung","og_description":"\u00d6kologisches Ferienhaus (6 Personen) in Zeeland an der niederl\u00e4ndischen K\u00fcste. Strand, Meer und Stadt in unmittelbarer Reichweite. Auch last-minute buchbar!","og_url":"https:\/\/villazeeland.nl\/de\/ausstattung\/","og_site_name":"Ferienhaus am Meer","article_publisher":"https:\/\/www.facebook.com\/Duinlodge-Vlissingen-109772407211119\/","article_modified_time":"2024-03-20T19:33:22+00:00","og_image":[{"width":1864,"height":1247,"url":"https:\/\/villazeeland.nl\/site\/wp-content\/uploads\/2020\/01\/villazeeland_09-1.jpg","type":"image\/jpeg"}],"twitter_card":"summary_large_image","twitter_misc":{"Gesch\u00e4tzte Lesezeit":"1 Minute"},"schema":{"@context":"https:\/\/schema.org","@graph":[{"@type":"WebPage","@id":"https:\/\/villazeeland.nl\/de\/ausstattung\/","url":"https:\/\/villazeeland.nl\/de\/ausstattung\/","name":"\u00d6kologisches Ferienhaus in Zeeland am Meer | Ausstattung","isPartOf":{"@id":"https:\/\/villazeeland.nl\/#website"},"primaryImageOfPage":{"@id":"https:\/\/villazeeland.nl\/de\/ausstattung\/#primaryimage"},"image":{"@id":"https:\/\/villazeeland.nl\/de\/ausstattung\/#primaryimage"},"thumbnailUrl":"https:\/\/villazeeland.nl\/site\/wp-content\/uploads\/2020\/01\/villazeeland_09-1.jpg","datePublished":"2017-04-09T08:31:23+00:00","dateModified":"2024-03-20T19:33:22+00:00","description":"\u00d6kologisches Ferienhaus (6 Personen) in Zeeland an der niederl\u00e4ndischen K\u00fcste. Strand, Meer und Stadt in unmittelbarer Reichweite. Auch last-minute buchbar!","breadcrumb":{"@id":"https:\/\/villazeeland.nl\/de\/ausstattung\/#breadcrumb"},"inLanguage":"de-DE","potentialAction":[{"@type":"ReadAction","target":["https:\/\/villazeeland.nl\/de\/ausstattung\/"]}]},{"@type":"ImageObject","inLanguage":"de-DE","@id":"https:\/\/villazeeland.nl\/de\/ausstattung\/#primaryimage","url":"https:\/\/villazeeland.nl\/site\/wp-content\/uploads\/2020\/01\/villazeeland_09-1.jpg","contentUrl":"https:\/\/villazeeland.nl\/site\/wp-content\/uploads\/2020\/01\/villazeeland_09-1.jpg","width":1864,"height":1247},{"@type":"BreadcrumbList","@id":"https:\/\/villazeeland.nl\/de\/ausstattung\/#breadcrumb","itemListElement":[{"@type":"ListItem","position":1,"name":"Home","item":"https:\/\/villazeeland.nl\/de\/"},{"@type":"ListItem","position":2,"name":"Ausstattung"}]},{"@type":"WebSite","@id":"https:\/\/villazeeland.nl\/#website","url":"https:\/\/villazeeland.nl\/","name":"Ferienhaus am Meer","description":"\u00d6kologisches Ferienhaus in Zeeland","potentialAction":[{"@type":"SearchAction","target":{"@type":"EntryPoint","urlTemplate":"https:\/\/villazeeland.nl\/?s={search_term_string}"},"query-input":"required name=search_term_string"}],"inLanguage":"de-DE"}]}},"_links":{"self":[{"href":"https:\/\/villazeeland.nl\/de\/wp-json\/wp\/v2\/pages\/234"}],"collection":[{"href":"https:\/\/villazeeland.nl\/de\/wp-json\/wp\/v2\/pages"}],"about":[{"href":"https:\/\/villazeeland.nl\/de\/wp-json\/wp\/v2\/types\/page"}],"author":[{"embeddable":true,"href":"https:\/\/villazeeland.nl\/de\/wp-json\/wp\/v2\/users\/4"}],"replies":[{"embeddable":true,"href":"https:\/\/villazeeland.nl\/de\/wp-json\/wp\/v2\/comments?post=234"}],"version-history":[{"count":1,"href":"https:\/\/villazeeland.nl\/de\/wp-json\/wp\/v2\/pages\/234\/revisions"}],"predecessor-version":[{"id":585,"href":"https:\/\/villazeeland.nl\/de\/wp-json\/wp\/v2\/pages\/234\/revisions\/585"}],"wp:featuredmedia":[{"embeddable":true,"href":"https:\/\/villazeeland.nl\/de\/wp-json\/wp\/v2\/media\/480"}],"wp:attachment":[{"href":"https:\/\/villazeeland.nl\/de\/wp-json\/wp\/v2\/media?parent=234"}],"curies":[{"name":"wp","href":"https:\/\/api.w.org\/{rel}","templated":true}]}}