{"id":232,"date":"2017-04-09T09:30:11","date_gmt":"2017-04-09T08:30:11","guid":{"rendered":"https:\/\/vakantiehuis-zeeland-aan-zee.nl\/?page_id=232\/"},"modified":"2023-02-01T16:21:45","modified_gmt":"2023-02-01T15:21:45","slug":"startseite","status":"publish","type":"page","link":"https:\/\/villazeeland.nl\/de\/","title":{"rendered":"Startseite"},"content":{"rendered":"<h1>\u00d6kologisches Ferienhaus\u00a0(6 Personen) in Zeeland an der niederl\u00e4ndischen K\u00fcste<\/h1>\n<h2>Strand, Meer\u00a0und Stadt in unmittelbarer Reichweite<\/h2>\n<p>Direkt hinter dem Boulevard von Vlissingen (Zeeland), versteckt zwischen B\u00e4umen und grenzend an Stadt und Strand, finden Sie an der\u00a0Burgermeester van Woelderenlaan 1-15 ein nagelneues Ferienhaus.<\/p>\n<p>Diese helle, \u00f6kologische \u201eDuinlodge\u201c ist ein Teil des Luxus Nordsee Resorts (insgesamt 19 Ferienh\u00e4user). Das Haus ist freistehend und bietet so mehr Privatsph\u00e4re. Dar\u00fcber hinaus hat das Ferienhaus S\u00fcdlage und verf\u00fcgt \u00fcber einen privaten Garten und eine Terrasse, auf der Sie die Sonne in Ruhe genie\u00dfen k\u00f6nnen. Die Architektur und die Sedum-Moos Bedachung bilden ein gr\u00fcnes Ufer zwischen der Stadt und den D\u00fcnen. Sie finden im Resort das Beste aus zwei Welten; Vlissingen mit seinem st\u00e4dtischen Charakter und die unendlichen M\u00f6glichkeiten der Region Walcheren \u2013 dem gr\u00fcne Garten von Zeeland \u2013 mit Natur, Strand und Meer.<\/p>\n<p>Der breite, sch\u00f6ne Sandstrand von Vlissingen liegt nur 200 Meter entfernt und hat eine blaue Flagge (die Bezeichnung f\u00fcr saubere und sichere Str\u00e4nde und H\u00e4fen). Breiten Sie hier an sonnigen Tagen Ihr Handtuch aus, nehmen Sie ein erfrischendes Bad im Meer und genie\u00dfen Sie ein herrliches Mittagessen in einem der vielen Strandpavillons.<\/p>\n<p>Vlissingen ist ein malerisches Hafenst\u00e4dchen mit zahlreiche Ausflugszielen. Besuchen Sie die kleinen aber feinen Gesch\u00e4fte oder das zeel\u00e4ndische Meeresmuseum, spazieren Sie an der Promenade entlang, bestaunen Sie die riesigen Seeschiffe im Hafen und speisen Sie in einem der vielen Restaurants. Es gibt auch sehr sch\u00f6ne Radwege in der Umgebung. Sie werden sich keinen Moment lang langweilen.<\/p>\n<p>Zur\u00fcck in Ihrer modernen und stilvollen Villa schlie\u00dfen Sie den Tag mit einem Glas Wein ab und entspannen am knisternden Kaminfeuer. So macht man Ferien!<\/p>\n<form action=\"https:\/\/boeken.roompot.nl\/roompot\/object\/resourceid\/38943821\/objectid\/7139337\/dc\/DBEI2\/rc\/aangebrachteigenaa\/lan\/de\/ownerid\/252415646\/myenv\/true\" method=\"post\" target=\"_blank\"><input type=\"submit\" value=\"Jetzt buchen\" \/><\/form>\n<p>&nbsp;<\/p>\n<div aria-live=\"polite\" id=\"soliloquy-container-147\" class=\"soliloquy-container soliloquy-transition-fade  soliloquy-theme-base\" style=\"max-width:1280px;max-height:799px;\"><ul id=\"soliloquy-147\" class=\"soliloquy-slider soliloquy-slides soliloquy-wrap soliloquy-clear\"><li aria-hidden=\"true\" class=\"soliloquy-item soliloquy-item-1 soliloquy-image-slide\" draggable=\"false\" style=\"list-style:none\"><img decoding=\"async\" id=\"soliloquy-image-465\" class=\"soliloquy-image soliloquy-image-1\" src=\"https:\/\/villazeeland.nl\/site\/wp-content\/uploads\/2020\/01\/villazeeland_01-3.jpg\" alt=\"villazeeland_01\" \/><\/li><li aria-hidden=\"true\" class=\"soliloquy-item soliloquy-item-2 soliloquy-image-slide\" draggable=\"false\" style=\"list-style:none\"><img decoding=\"async\" id=\"soliloquy-image-487\" class=\"soliloquy-image soliloquy-image-2\" src=\"https:\/\/villazeeland.nl\/site\/wp-content\/uploads\/2020\/01\/villazeeland_13-1.jpg\" alt=\"villazeeland_13\" \/><\/li><li aria-hidden=\"true\" class=\"soliloquy-item soliloquy-item-3 soliloquy-image-slide\" draggable=\"false\" style=\"list-style:none\"><img decoding=\"async\" id=\"soliloquy-image-475\" class=\"soliloquy-image soliloquy-image-3\" src=\"https:\/\/villazeeland.nl\/site\/wp-content\/uploads\/2020\/01\/villazeeland_07.jpg\" alt=\"villazeeland_07\" \/><\/li><li aria-hidden=\"true\" class=\"soliloquy-item soliloquy-item-4 soliloquy-image-slide\" draggable=\"false\" style=\"list-style:none\"><img decoding=\"async\" id=\"soliloquy-image-477\" class=\"soliloquy-image soliloquy-image-4\" src=\"https:\/\/villazeeland.nl\/site\/wp-content\/uploads\/2020\/01\/villazeeland_08.jpg\" alt=\"villazeeland_08\" \/><\/li><li aria-hidden=\"true\" class=\"soliloquy-item soliloquy-item-5 soliloquy-image-slide\" draggable=\"false\" style=\"list-style:none\"><img decoding=\"async\" id=\"soliloquy-image-495\" class=\"soliloquy-image soliloquy-image-5\" src=\"https:\/\/villazeeland.nl\/site\/wp-content\/uploads\/2020\/01\/villazeeland_17.jpg\" alt=\"villazeeland_17\" \/><\/li><li aria-hidden=\"true\" class=\"soliloquy-item soliloquy-item-6 soliloquy-image-slide\" draggable=\"false\" style=\"list-style:none\"><img decoding=\"async\" id=\"soliloquy-image-479\" class=\"soliloquy-image soliloquy-image-6\" src=\"https:\/\/villazeeland.nl\/site\/wp-content\/uploads\/2020\/01\/villazeeland_09-1.jpg\" alt=\"villazeeland_09\" \/><\/li><li aria-hidden=\"true\" class=\"soliloquy-item soliloquy-item-7 soliloquy-image-slide\" draggable=\"false\" style=\"list-style:none\"><img decoding=\"async\" id=\"soliloquy-image-497\" class=\"soliloquy-image soliloquy-image-7\" src=\"https:\/\/villazeeland.nl\/site\/wp-content\/uploads\/2020\/01\/villazeeland_18.jpg\" alt=\"villazeeland_18\" \/><\/li><li aria-hidden=\"true\" class=\"soliloquy-item soliloquy-item-8 soliloquy-image-slide\" draggable=\"false\" style=\"list-style:none\"><img decoding=\"async\" id=\"soliloquy-image-489\" class=\"soliloquy-image soliloquy-image-8\" src=\"https:\/\/villazeeland.nl\/site\/wp-content\/uploads\/2020\/01\/villazeeland_14.jpg\" alt=\"villazeeland_14\" \/><\/li><li aria-hidden=\"true\" class=\"soliloquy-item soliloquy-item-9 soliloquy-image-slide\" draggable=\"false\" style=\"list-style:none\"><img decoding=\"async\" id=\"soliloquy-image-491\" class=\"soliloquy-image soliloquy-image-9\" src=\"https:\/\/villazeeland.nl\/site\/wp-content\/uploads\/2020\/01\/villazeeland_15.jpg\" alt=\"villazeeland_15\" \/><\/li><li aria-hidden=\"true\" class=\"soliloquy-item soliloquy-item-10 soliloquy-image-slide\" draggable=\"false\" style=\"list-style:none\"><img decoding=\"async\" id=\"soliloquy-image-499\" class=\"soliloquy-image soliloquy-image-10\" src=\"https:\/\/villazeeland.nl\/site\/wp-content\/uploads\/2020\/01\/villazeeland_19.jpg\" alt=\"villazeeland_19\" \/><\/li><li aria-hidden=\"true\" class=\"soliloquy-item soliloquy-item-11 soliloquy-image-slide\" draggable=\"false\" style=\"list-style:none\"><img decoding=\"async\" id=\"soliloquy-image-501\" class=\"soliloquy-image soliloquy-image-11\" src=\"https:\/\/villazeeland.nl\/site\/wp-content\/uploads\/2020\/01\/villazeeland_20.jpg\" alt=\"villazeeland_20\" \/><\/li><li aria-hidden=\"true\" class=\"soliloquy-item soliloquy-item-12 soliloquy-image-slide\" draggable=\"false\" style=\"list-style:none\"><img decoding=\"async\" id=\"soliloquy-image-503\" class=\"soliloquy-image soliloquy-image-12\" src=\"https:\/\/villazeeland.nl\/site\/wp-content\/uploads\/2020\/01\/villazeeland_21.jpg\" alt=\"villazeeland_21\" \/><\/li><li aria-hidden=\"true\" class=\"soliloquy-item soliloquy-item-13 soliloquy-image-slide\" draggable=\"false\" style=\"list-style:none\"><img decoding=\"async\" id=\"soliloquy-image-505\" class=\"soliloquy-image soliloquy-image-13\" src=\"https:\/\/villazeeland.nl\/site\/wp-content\/uploads\/2020\/01\/villazeeland_22.jpg\" alt=\"villazeeland_22\" \/><\/li><li aria-hidden=\"true\" class=\"soliloquy-item soliloquy-item-14 soliloquy-image-slide\" draggable=\"false\" style=\"list-style:none\"><img decoding=\"async\" id=\"soliloquy-image-469\" class=\"soliloquy-image soliloquy-image-14\" src=\"https:\/\/villazeeland.nl\/site\/wp-content\/uploads\/2020\/01\/villazeeland_03.jpg\" alt=\"villazeeland_03\" \/><\/li><li aria-hidden=\"true\" class=\"soliloquy-item soliloquy-item-15 soliloquy-image-slide\" draggable=\"false\" style=\"list-style:none\"><img decoding=\"async\" id=\"soliloquy-image-483\" class=\"soliloquy-image soliloquy-image-15\" src=\"https:\/\/villazeeland.nl\/site\/wp-content\/uploads\/2020\/01\/villazeeland_11.jpg\" alt=\"villazeeland_11\" \/><\/li><li aria-hidden=\"true\" class=\"soliloquy-item soliloquy-item-16 soliloquy-image-slide\" draggable=\"false\" style=\"list-style:none\"><img decoding=\"async\" id=\"soliloquy-image-485\" class=\"soliloquy-image soliloquy-image-16\" src=\"https:\/\/villazeeland.nl\/site\/wp-content\/uploads\/2020\/01\/villazeeland_12.jpg\" alt=\"villazeeland_12\" \/><\/li><li aria-hidden=\"true\" class=\"soliloquy-item soliloquy-item-17 soliloquy-image-slide\" draggable=\"false\" style=\"list-style:none\"><img decoding=\"async\" id=\"soliloquy-image-509\" class=\"soliloquy-image soliloquy-image-17\" src=\"https:\/\/villazeeland.nl\/site\/wp-content\/uploads\/2020\/01\/villazeeland_24.jpg\" alt=\"villazeeland_24\" \/><\/li><li aria-hidden=\"true\" class=\"soliloquy-item soliloquy-item-18 soliloquy-image-slide\" draggable=\"false\" style=\"list-style:none\"><img decoding=\"async\" id=\"soliloquy-image-507\" class=\"soliloquy-image soliloquy-image-18\" src=\"https:\/\/villazeeland.nl\/site\/wp-content\/uploads\/2020\/01\/villazeeland_23.jpg\" alt=\"villazeeland_23\" \/><\/li><li aria-hidden=\"true\" class=\"soliloquy-item soliloquy-item-19 soliloquy-image-slide\" draggable=\"false\" style=\"list-style:none\"><img decoding=\"async\" id=\"soliloquy-image-511\" class=\"soliloquy-image soliloquy-image-19\" src=\"https:\/\/villazeeland.nl\/site\/wp-content\/uploads\/2020\/01\/villazeeland_25.jpg\" alt=\"villazeeland_25\" \/><\/li><li aria-hidden=\"true\" class=\"soliloquy-item soliloquy-item-20 soliloquy-image-slide\" draggable=\"false\" style=\"list-style:none\"><img decoding=\"async\" id=\"soliloquy-image-481\" class=\"soliloquy-image soliloquy-image-20\" src=\"https:\/\/villazeeland.nl\/site\/wp-content\/uploads\/2020\/01\/villazeeland_10.jpg\" alt=\"villazeeland_10\" \/><\/li><li aria-hidden=\"true\" class=\"soliloquy-item soliloquy-item-21 soliloquy-image-slide\" draggable=\"false\" style=\"list-style:none\"><img decoding=\"async\" id=\"soliloquy-image-471\" class=\"soliloquy-image soliloquy-image-21\" src=\"https:\/\/villazeeland.nl\/site\/wp-content\/uploads\/2020\/01\/villazeeland_04-1.jpg\" alt=\"villazeeland_04\" \/><\/li><li aria-hidden=\"true\" class=\"soliloquy-item soliloquy-item-22 soliloquy-image-slide\" draggable=\"false\" style=\"list-style:none\"><img decoding=\"async\" id=\"soliloquy-image-467\" class=\"soliloquy-image soliloquy-image-22\" src=\"https:\/\/villazeeland.nl\/site\/wp-content\/uploads\/2020\/01\/villazeeland_02-1.jpg\" alt=\"villazeeland_02\" \/><\/li><li aria-hidden=\"true\" class=\"soliloquy-item soliloquy-item-23 soliloquy-image-slide\" draggable=\"false\" style=\"list-style:none\"><img decoding=\"async\" id=\"soliloquy-image-493\" class=\"soliloquy-image soliloquy-image-23\" src=\"https:\/\/villazeeland.nl\/site\/wp-content\/uploads\/2020\/01\/villazeeland_16.jpg\" alt=\"villazeeland_16\" \/><\/li><li aria-hidden=\"true\" class=\"soliloquy-item soliloquy-item-24 soliloquy-image-slide\" draggable=\"false\" style=\"list-style:none\"><img decoding=\"async\" id=\"soliloquy-image-473\" class=\"soliloquy-image soliloquy-image-24\" src=\"https:\/\/villazeeland.nl\/site\/wp-content\/uploads\/2020\/01\/villazeeland_06-1.jpg\" alt=\"villazeeland_06\" \/><\/li><li aria-hidden=\"true\" class=\"soliloquy-item soliloquy-item-25 soliloquy-image-slide\" draggable=\"false\" style=\"list-style:none\"><img decoding=\"async\" id=\"soliloquy-image-515\" class=\"soliloquy-image soliloquy-image-25\" src=\"https:\/\/villazeeland.nl\/site\/wp-content\/uploads\/2020\/01\/villazeeland_27.jpg\" alt=\"villazeeland_27\" \/><\/li><li aria-hidden=\"true\" class=\"soliloquy-item soliloquy-item-26 soliloquy-image-slide\" draggable=\"false\" style=\"list-style:none\"><img decoding=\"async\" id=\"soliloquy-image-517\" class=\"soliloquy-image soliloquy-image-26\" src=\"https:\/\/villazeeland.nl\/site\/wp-content\/uploads\/2020\/01\/villazeeland_28.jpg\" alt=\"villazeeland_28\" \/><\/li><li aria-hidden=\"true\" class=\"soliloquy-item soliloquy-item-27 soliloquy-image-slide\" draggable=\"false\" style=\"list-style:none\"><img decoding=\"async\" id=\"soliloquy-image-513\" class=\"soliloquy-image soliloquy-image-27\" src=\"https:\/\/villazeeland.nl\/site\/wp-content\/uploads\/2020\/01\/villazeeland_26.jpg\" alt=\"villazeeland_26\" \/><\/li><li aria-hidden=\"true\" class=\"soliloquy-item soliloquy-item-28 soliloquy-image-slide\" draggable=\"false\" style=\"list-style:none\"><img decoding=\"async\" id=\"soliloquy-image-519\" class=\"soliloquy-image soliloquy-image-28\" src=\"https:\/\/villazeeland.nl\/site\/wp-content\/uploads\/2020\/01\/villazeeland_29.jpg\" alt=\"villazeeland_29\" \/><\/li><\/ul><\/div><noscript><style type=\"text\/css\">#soliloquy-container-147{opacity:1}<\/style><\/noscript>\n<p>&nbsp;<\/p>\n\r\n<div class=\"fve-video-wrapper fve-image-embed fve-thumbnail-image youtube\" style=\"padding-bottom:75%;\">\r\n    <iframe loading=\"lazy\" src=\"\/\/www.youtube.com\/embed\/RAafi3eiptk?wmode=transparent&modestbranding=1&autohide=1&showinfo=0&rel=0\" width=\"100%\" height=\"100%\" frameborder=\"0\" webkitAllowFullScreen mozallowfullscreen allowFullScreen><\/iframe>    <\/div>\r\n\r\n\n<p>&nbsp;<\/p>\n\r\n<div class=\"fve-video-wrapper fve-image-embed fve-thumbnail-image vimeo\" style=\"padding-bottom:0%;\">\r\n    <iframe loading=\"lazy\" src=\"\/\/player.vimeo.com\/video\/341864796?portrait=0&byline=0&title=0\" width=\"100%\" height=\"100%\" frameborder=\"0\" webkitAllowFullScreen mozallowfullscreen allowFullScreen><\/iframe>    <\/div>\r\n\r\n\n","protected":false},"excerpt":{"rendered":"<p>\u00d6kologisches Ferienhaus\u00a0(6 Personen) in Zeeland an der niederl\u00e4ndischen K\u00fcste Strand, Meer\u00a0und Stadt in unmittelbarer Reichweite Direkt hinter dem Boulevard von<\/p>\n","protected":false},"author":4,"featured_media":458,"parent":0,"menu_order":1,"comment_status":"closed","ping_status":"closed","template":"template-fullwidth.php","meta":{"_exactmetrics_skip_tracking":false,"_exactmetrics_sitenote_active":false,"_exactmetrics_sitenote_note":"","_exactmetrics_sitenote_category":0,"footnotes":""},"yoast_head":"<!-- This site is optimized with the Yoast SEO plugin v22.3 - https:\/\/yoast.com\/wordpress\/plugins\/seo\/ -->\n<title>\u00d6kologisches Ferienhaus in Zeeland am Meer | Buchen Sie jetzt!<\/title>\n<meta name=\"description\" content=\"\u00d6kologisches Ferienhaus (6 Personen) in Zeeland an der niederl\u00e4ndischen K\u00fcste. Strand, Meer und Stadt in unmittelbarer Reichweite. Auch last-minute buchbar!\" \/>\n<meta name=\"robots\" content=\"index, follow, max-snippet:-1, max-image-preview:large, max-video-preview:-1\" \/>\n<link rel=\"canonical\" href=\"https:\/\/villazeeland.nl\/de\/\" \/>\n<meta property=\"og:locale\" content=\"de_DE\" \/>\n<meta property=\"og:type\" content=\"article\" \/>\n<meta property=\"og:title\" content=\"\u00d6kologisches Ferienhaus in Zeeland am Meer | Buchen Sie jetzt!\" \/>\n<meta property=\"og:description\" content=\"\u00d6kologisches Ferienhaus (6 Personen) in Zeeland an der niederl\u00e4ndischen K\u00fcste. Strand, Meer und Stadt in unmittelbarer Reichweite. Auch last-minute buchbar!\" \/>\n<meta property=\"og:url\" content=\"https:\/\/villazeeland.nl\/de\/\" \/>\n<meta property=\"og:site_name\" content=\"Ferienhaus am Meer\" \/>\n<meta property=\"article:publisher\" content=\"https:\/\/www.facebook.com\/Duinlodge-Vlissingen-109772407211119\/\" \/>\n<meta property=\"article:modified_time\" content=\"2023-02-01T15:21:45+00:00\" \/>\n<meta property=\"og:image\" content=\"https:\/\/villazeeland.nl\/site\/wp-content\/uploads\/2020\/01\/villazeeland_01-1.jpg\" \/>\n\t<meta property=\"og:image:width\" content=\"1800\" \/>\n\t<meta property=\"og:image:height\" content=\"1200\" \/>\n\t<meta property=\"og:image:type\" content=\"image\/jpeg\" \/>\n<meta name=\"twitter:card\" content=\"summary_large_image\" \/>\n<meta name=\"twitter:label1\" content=\"Gesch\u00e4tzte Lesezeit\" \/>\n\t<meta name=\"twitter:data1\" content=\"2 Minuten\" \/>\n<script type=\"application\/ld+json\" class=\"yoast-schema-graph\">{\"@context\":\"https:\/\/schema.org\",\"@graph\":[{\"@type\":\"WebPage\",\"@id\":\"https:\/\/villazeeland.nl\/de\/\",\"url\":\"https:\/\/villazeeland.nl\/de\/\",\"name\":\"\u00d6kologisches Ferienhaus in Zeeland am Meer | Buchen Sie jetzt!\",\"isPartOf\":{\"@id\":\"https:\/\/villazeeland.nl\/#website\"},\"primaryImageOfPage\":{\"@id\":\"https:\/\/villazeeland.nl\/de\/#primaryimage\"},\"image\":{\"@id\":\"https:\/\/villazeeland.nl\/de\/#primaryimage\"},\"thumbnailUrl\":\"https:\/\/villazeeland.nl\/site\/wp-content\/uploads\/2020\/01\/villazeeland_01-1.jpg\",\"datePublished\":\"2017-04-09T08:30:11+00:00\",\"dateModified\":\"2023-02-01T15:21:45+00:00\",\"description\":\"\u00d6kologisches Ferienhaus (6 Personen) in Zeeland an der niederl\u00e4ndischen K\u00fcste. Strand, Meer und Stadt in unmittelbarer Reichweite. Auch last-minute buchbar!\",\"breadcrumb\":{\"@id\":\"https:\/\/villazeeland.nl\/de\/#breadcrumb\"},\"inLanguage\":\"de-DE\",\"potentialAction\":[{\"@type\":\"ReadAction\",\"target\":[\"https:\/\/villazeeland.nl\/de\/\"]}]},{\"@type\":\"ImageObject\",\"inLanguage\":\"de-DE\",\"@id\":\"https:\/\/villazeeland.nl\/de\/#primaryimage\",\"url\":\"https:\/\/villazeeland.nl\/site\/wp-content\/uploads\/2020\/01\/villazeeland_01-1.jpg\",\"contentUrl\":\"https:\/\/villazeeland.nl\/site\/wp-content\/uploads\/2020\/01\/villazeeland_01-1.jpg\",\"width\":1800,\"height\":1200},{\"@type\":\"BreadcrumbList\",\"@id\":\"https:\/\/villazeeland.nl\/de\/#breadcrumb\",\"itemListElement\":[{\"@type\":\"ListItem\",\"position\":1,\"name\":\"Home\",\"item\":\"https:\/\/villazeeland.nl\/de\/\"},{\"@type\":\"ListItem\",\"position\":2,\"name\":\"Startseite\"}]},{\"@type\":\"WebSite\",\"@id\":\"https:\/\/villazeeland.nl\/#website\",\"url\":\"https:\/\/villazeeland.nl\/\",\"name\":\"Ferienhaus am Meer\",\"description\":\"\u00d6kologisches Ferienhaus in Zeeland\",\"potentialAction\":[{\"@type\":\"SearchAction\",\"target\":{\"@type\":\"EntryPoint\",\"urlTemplate\":\"https:\/\/villazeeland.nl\/?s={search_term_string}\"},\"query-input\":\"required name=search_term_string\"}],\"inLanguage\":\"de-DE\"}]}<\/script>\n<!-- \/ Yoast SEO plugin. -->","yoast_head_json":{"title":"\u00d6kologisches Ferienhaus in Zeeland am Meer | Buchen Sie jetzt!","description":"\u00d6kologisches Ferienhaus (6 Personen) in Zeeland an der niederl\u00e4ndischen K\u00fcste. Strand, Meer und Stadt in unmittelbarer Reichweite. Auch last-minute buchbar!","robots":{"index":"index","follow":"follow","max-snippet":"max-snippet:-1","max-image-preview":"max-image-preview:large","max-video-preview":"max-video-preview:-1"},"canonical":"https:\/\/villazeeland.nl\/de\/","og_locale":"de_DE","og_type":"article","og_title":"\u00d6kologisches Ferienhaus in Zeeland am Meer | Buchen Sie jetzt!","og_description":"\u00d6kologisches Ferienhaus (6 Personen) in Zeeland an der niederl\u00e4ndischen K\u00fcste. Strand, Meer und Stadt in unmittelbarer Reichweite. Auch last-minute buchbar!","og_url":"https:\/\/villazeeland.nl\/de\/","og_site_name":"Ferienhaus am Meer","article_publisher":"https:\/\/www.facebook.com\/Duinlodge-Vlissingen-109772407211119\/","article_modified_time":"2023-02-01T15:21:45+00:00","og_image":[{"width":1800,"height":1200,"url":"https:\/\/villazeeland.nl\/site\/wp-content\/uploads\/2020\/01\/villazeeland_01-1.jpg","type":"image\/jpeg"}],"twitter_card":"summary_large_image","twitter_misc":{"Gesch\u00e4tzte Lesezeit":"2 Minuten"},"schema":{"@context":"https:\/\/schema.org","@graph":[{"@type":"WebPage","@id":"https:\/\/villazeeland.nl\/de\/","url":"https:\/\/villazeeland.nl\/de\/","name":"\u00d6kologisches Ferienhaus in Zeeland am Meer | Buchen Sie jetzt!","isPartOf":{"@id":"https:\/\/villazeeland.nl\/#website"},"primaryImageOfPage":{"@id":"https:\/\/villazeeland.nl\/de\/#primaryimage"},"image":{"@id":"https:\/\/villazeeland.nl\/de\/#primaryimage"},"thumbnailUrl":"https:\/\/villazeeland.nl\/site\/wp-content\/uploads\/2020\/01\/villazeeland_01-1.jpg","datePublished":"2017-04-09T08:30:11+00:00","dateModified":"2023-02-01T15:21:45+00:00","description":"\u00d6kologisches Ferienhaus (6 Personen) in Zeeland an der niederl\u00e4ndischen K\u00fcste. Strand, Meer und Stadt in unmittelbarer Reichweite. Auch last-minute buchbar!","breadcrumb":{"@id":"https:\/\/villazeeland.nl\/de\/#breadcrumb"},"inLanguage":"de-DE","potentialAction":[{"@type":"ReadAction","target":["https:\/\/villazeeland.nl\/de\/"]}]},{"@type":"ImageObject","inLanguage":"de-DE","@id":"https:\/\/villazeeland.nl\/de\/#primaryimage","url":"https:\/\/villazeeland.nl\/site\/wp-content\/uploads\/2020\/01\/villazeeland_01-1.jpg","contentUrl":"https:\/\/villazeeland.nl\/site\/wp-content\/uploads\/2020\/01\/villazeeland_01-1.jpg","width":1800,"height":1200},{"@type":"BreadcrumbList","@id":"https:\/\/villazeeland.nl\/de\/#breadcrumb","itemListElement":[{"@type":"ListItem","position":1,"name":"Home","item":"https:\/\/villazeeland.nl\/de\/"},{"@type":"ListItem","position":2,"name":"Startseite"}]},{"@type":"WebSite","@id":"https:\/\/villazeeland.nl\/#website","url":"https:\/\/villazeeland.nl\/","name":"Ferienhaus am Meer","description":"\u00d6kologisches Ferienhaus in Zeeland","potentialAction":[{"@type":"SearchAction","target":{"@type":"EntryPoint","urlTemplate":"https:\/\/villazeeland.nl\/?s={search_term_string}"},"query-input":"required name=search_term_string"}],"inLanguage":"de-DE"}]}},"_links":{"self":[{"href":"https:\/\/villazeeland.nl\/de\/wp-json\/wp\/v2\/pages\/232"}],"collection":[{"href":"https:\/\/villazeeland.nl\/de\/wp-json\/wp\/v2\/pages"}],"about":[{"href":"https:\/\/villazeeland.nl\/de\/wp-json\/wp\/v2\/types\/page"}],"author":[{"embeddable":true,"href":"https:\/\/villazeeland.nl\/de\/wp-json\/wp\/v2\/users\/4"}],"replies":[{"embeddable":true,"href":"https:\/\/villazeeland.nl\/de\/wp-json\/wp\/v2\/comments?post=232"}],"version-history":[{"count":0,"href":"https:\/\/villazeeland.nl\/de\/wp-json\/wp\/v2\/pages\/232\/revisions"}],"wp:featuredmedia":[{"embeddable":true,"href":"https:\/\/villazeeland.nl\/de\/wp-json\/wp\/v2\/media\/458"}],"wp:attachment":[{"href":"https:\/\/villazeeland.nl\/de\/wp-json\/wp\/v2\/media?parent=232"}],"curies":[{"name":"wp","href":"https:\/\/api.w.org\/{rel}","templated":true}]}}